{"id":3135,"date":"2021-04-19T12:31:17","date_gmt":"2021-04-19T10:31:17","guid":{"rendered":"https:\/\/shopium.eu\/cz\/?post_type=product&#038;p=3135"},"modified":"2021-04-19T12:35:27","modified_gmt":"2021-04-19T10:35:27","slug":"silikonove-vyztuhy-predlokti-handband","status":"publish","type":"product","link":"https:\/\/cartium.eu\/cz\/produkt\/silikonove-vyztuhy-predlokti-handband\/","title":{"rendered":"Silikonov\u00e9 v\u00fdztuhy p\u0159edlokt\u00ed \u2013 HandBand"},"content":{"rendered":"","protected":false},"excerpt":{"rendered":"<p><span style=\"font-weight: 400;\">HandBand silikonov\u00e1 p\u00e1ska pro pos\u00edlen\u00ed sval\u016f prst\u016f, rukou a p\u0159edlokt\u00ed je ide\u00e1ln\u00ed pro cvi\u010den\u00ed a rehabilitaci s\u00a0maxim\u00e1ln\u00ed \u00fa\u010dinnost\u00ed v\u00a0kr\u00e1tk\u00e9m \u010dasov\u00e9m obdob\u00ed.<\/span><\/p>\n","protected":false},"featured_media":3137,"comment_status":"closed","ping_status":"closed","template":"","meta":{"inline_featured_image":false},"product_brand":[],"product_cat":[15],"product_tag":[],"class_list":{"0":"post-3135","1":"product","2":"type-product","3":"status-publish","4":"has-post-thumbnail","6":"product_cat-uncategorized","8":"first","9":"instock","10":"sale","11":"taxable","12":"shipping-taxable","13":"purchasable","14":"product-type-simple"},"acf":[],"_links":{"self":[{"href":"https:\/\/cartium.eu\/cz\/wp-json\/wp\/v2\/product\/3135","targetHints":{"allow":["GET"]}}],"collection":[{"href":"https:\/\/cartium.eu\/cz\/wp-json\/wp\/v2\/product"}],"about":[{"href":"https:\/\/cartium.eu\/cz\/wp-json\/wp\/v2\/types\/product"}],"replies":[{"embeddable":true,"href":"https:\/\/cartium.eu\/cz\/wp-json\/wp\/v2\/comments?post=3135"}],"wp:featuredmedia":[{"embeddable":true,"href":"https:\/\/cartium.eu\/cz\/wp-json\/wp\/v2\/media\/3137"}],"wp:attachment":[{"href":"https:\/\/cartium.eu\/cz\/wp-json\/wp\/v2\/media?parent=3135"}],"wp:term":[{"taxonomy":"product_brand","embeddable":true,"href":"https:\/\/cartium.eu\/cz\/wp-json\/wp\/v2\/product_brand?post=3135"},{"taxonomy":"product_cat","embeddable":true,"href":"https:\/\/cartium.eu\/cz\/wp-json\/wp\/v2\/product_cat?post=3135"},{"taxonomy":"product_tag","embeddable":true,"href":"https:\/\/cartium.eu\/cz\/wp-json\/wp\/v2\/product_tag?post=3135"}],"curies":[{"name":"wp","href":"https:\/\/api.w.org\/{rel}","templated":true}]}}