{"id":3144,"date":"2021-04-19T12:36:28","date_gmt":"2021-04-19T10:36:28","guid":{"rendered":"https:\/\/shopium.eu\/cz\/?post_type=product&#038;p=3144"},"modified":"2021-04-19T12:38:51","modified_gmt":"2021-04-19T10:38:51","slug":"basketbalova-magneticka-trenerska-tabule-trainic","status":"publish","type":"product","link":"https:\/\/cartium.eu\/cz\/produkt\/basketbalova-magneticka-trenerska-tabule-trainic\/","title":{"rendered":"Basketbalov\u00e1 magnetick\u00e1 tren\u00e9rsk\u00e1 tabule \u2013 Trainic"},"content":{"rendered":"","protected":false},"excerpt":{"rendered":"<p><span style=\"font-weight: 400;\">Magnetick\u00e1 taktick\u00e1 tabule ur\u010den\u00e1 pro v\u0161echny basketbalov\u00e9 tren\u00e9ry, s\u00a0n\u00ed\u017e bude vypracov\u00e1n\u00ed akc\u00ed mnohem jednodu\u0161\u0161\u00ed a efektivn\u011bj\u0161\u00ed.\u00a0<\/span><\/p>\n","protected":false},"featured_media":3150,"comment_status":"closed","ping_status":"closed","template":"","meta":{"inline_featured_image":false},"product_brand":[],"product_cat":[15],"product_tag":[],"class_list":{"0":"post-3144","1":"product","2":"type-product","3":"status-publish","4":"has-post-thumbnail","6":"product_cat-uncategorized","8":"first","9":"instock","10":"sale","11":"taxable","12":"shipping-taxable","13":"purchasable","14":"product-type-simple"},"acf":[],"_links":{"self":[{"href":"https:\/\/cartium.eu\/cz\/wp-json\/wp\/v2\/product\/3144","targetHints":{"allow":["GET"]}}],"collection":[{"href":"https:\/\/cartium.eu\/cz\/wp-json\/wp\/v2\/product"}],"about":[{"href":"https:\/\/cartium.eu\/cz\/wp-json\/wp\/v2\/types\/product"}],"replies":[{"embeddable":true,"href":"https:\/\/cartium.eu\/cz\/wp-json\/wp\/v2\/comments?post=3144"}],"wp:featuredmedia":[{"embeddable":true,"href":"https:\/\/cartium.eu\/cz\/wp-json\/wp\/v2\/media\/3150"}],"wp:attachment":[{"href":"https:\/\/cartium.eu\/cz\/wp-json\/wp\/v2\/media?parent=3144"}],"wp:term":[{"taxonomy":"product_brand","embeddable":true,"href":"https:\/\/cartium.eu\/cz\/wp-json\/wp\/v2\/product_brand?post=3144"},{"taxonomy":"product_cat","embeddable":true,"href":"https:\/\/cartium.eu\/cz\/wp-json\/wp\/v2\/product_cat?post=3144"},{"taxonomy":"product_tag","embeddable":true,"href":"https:\/\/cartium.eu\/cz\/wp-json\/wp\/v2\/product_tag?post=3144"}],"curies":[{"name":"wp","href":"https:\/\/api.w.org\/{rel}","templated":true}]}}