{"id":3155,"date":"2021-04-19T12:39:26","date_gmt":"2021-04-19T10:39:26","guid":{"rendered":"https:\/\/shopium.eu\/cz\/?post_type=product&#038;p=3155"},"modified":"2021-04-19T12:47:35","modified_gmt":"2021-04-19T10:47:35","slug":"fotbalova-magneticka-trenerska-tabule-dynamicfoot","status":"publish","type":"product","link":"https:\/\/cartium.eu\/cz\/produkt\/fotbalova-magneticka-trenerska-tabule-dynamicfoot\/","title":{"rendered":"Fotbalov\u00e1 magnetick\u00e1 tren\u00e9rsk\u00e1 tabule \u2013 DynamicFoot"},"content":{"rendered":"","protected":false},"excerpt":{"rendered":"<p><span style=\"font-weight: 400;\">Dynamick\u00e1 a praktick\u00e1 magnetick\u00e1 fotbalov\u00e1 tabule, s\u00a0n\u00ed\u017e se ka\u017ed\u00fd tr\u00e9nink st\u00e1v\u00e1 efektivn\u011bj\u0161\u00edm a produktivn\u011bj\u0161\u00edm, s\u00a0p\u0159esn\u011b navr\u017een\u00fdmi akcemi.<\/span><\/p>\n","protected":false},"featured_media":3156,"comment_status":"closed","ping_status":"closed","template":"","meta":{"inline_featured_image":false},"product_brand":[],"product_cat":[15],"product_tag":[],"class_list":{"0":"post-3155","1":"product","2":"type-product","3":"status-publish","4":"has-post-thumbnail","6":"product_cat-uncategorized","8":"first","9":"instock","10":"sale","11":"taxable","12":"shipping-taxable","13":"purchasable","14":"product-type-simple"},"acf":[],"_links":{"self":[{"href":"https:\/\/cartium.eu\/cz\/wp-json\/wp\/v2\/product\/3155","targetHints":{"allow":["GET"]}}],"collection":[{"href":"https:\/\/cartium.eu\/cz\/wp-json\/wp\/v2\/product"}],"about":[{"href":"https:\/\/cartium.eu\/cz\/wp-json\/wp\/v2\/types\/product"}],"replies":[{"embeddable":true,"href":"https:\/\/cartium.eu\/cz\/wp-json\/wp\/v2\/comments?post=3155"}],"wp:featuredmedia":[{"embeddable":true,"href":"https:\/\/cartium.eu\/cz\/wp-json\/wp\/v2\/media\/3156"}],"wp:attachment":[{"href":"https:\/\/cartium.eu\/cz\/wp-json\/wp\/v2\/media?parent=3155"}],"wp:term":[{"taxonomy":"product_brand","embeddable":true,"href":"https:\/\/cartium.eu\/cz\/wp-json\/wp\/v2\/product_brand?post=3155"},{"taxonomy":"product_cat","embeddable":true,"href":"https:\/\/cartium.eu\/cz\/wp-json\/wp\/v2\/product_cat?post=3155"},{"taxonomy":"product_tag","embeddable":true,"href":"https:\/\/cartium.eu\/cz\/wp-json\/wp\/v2\/product_tag?post=3155"}],"curies":[{"name":"wp","href":"https:\/\/api.w.org\/{rel}","templated":true}]}}