{"id":3171,"date":"2021-04-19T12:48:38","date_gmt":"2021-04-19T10:48:38","guid":{"rendered":"https:\/\/shopium.eu\/cz\/?post_type=product&#038;p=3171"},"modified":"2021-04-19T12:54:47","modified_gmt":"2021-04-19T10:54:47","slug":"odporove-cvicebni-pasky-bandly","status":"publish","type":"product","link":"https:\/\/cartium.eu\/cz\/produkt\/odporove-cvicebni-pasky-bandly\/","title":{"rendered":"Odporov\u00e9 cvi\u010debn\u00ed p\u00e1sky \u2013 Bandly"},"content":{"rendered":"","protected":false},"excerpt":{"rendered":"<p><span style=\"font-weight: 400;\">Bandly odporov\u00e1 p\u00e1ska ve tvaru \u010d\u00edsla 8 je ide\u00e1ln\u00ed pro uta\u017een\u00ed cel\u00e9ho t\u011bla pomoc\u00ed n\u011bkolika cvik\u016f, pln\u011b p\u0159izp\u016fsobiv\u00e1 a praktick\u00e1 pro mu\u017ee a \u017eeny v\u0161ech generac\u00ed.\u00a0<\/span><\/p>\n","protected":false},"featured_media":3172,"comment_status":"closed","ping_status":"closed","template":"","meta":{"inline_featured_image":false},"product_brand":[],"product_cat":[15],"product_tag":[],"class_list":{"0":"post-3171","1":"product","2":"type-product","3":"status-publish","4":"has-post-thumbnail","6":"product_cat-uncategorized","8":"first","9":"instock","10":"sale","11":"taxable","12":"shipping-taxable","13":"purchasable","14":"product-type-simple"},"acf":[],"_links":{"self":[{"href":"https:\/\/cartium.eu\/cz\/wp-json\/wp\/v2\/product\/3171","targetHints":{"allow":["GET"]}}],"collection":[{"href":"https:\/\/cartium.eu\/cz\/wp-json\/wp\/v2\/product"}],"about":[{"href":"https:\/\/cartium.eu\/cz\/wp-json\/wp\/v2\/types\/product"}],"replies":[{"embeddable":true,"href":"https:\/\/cartium.eu\/cz\/wp-json\/wp\/v2\/comments?post=3171"}],"wp:featuredmedia":[{"embeddable":true,"href":"https:\/\/cartium.eu\/cz\/wp-json\/wp\/v2\/media\/3172"}],"wp:attachment":[{"href":"https:\/\/cartium.eu\/cz\/wp-json\/wp\/v2\/media?parent=3171"}],"wp:term":[{"taxonomy":"product_brand","embeddable":true,"href":"https:\/\/cartium.eu\/cz\/wp-json\/wp\/v2\/product_brand?post=3171"},{"taxonomy":"product_cat","embeddable":true,"href":"https:\/\/cartium.eu\/cz\/wp-json\/wp\/v2\/product_cat?post=3171"},{"taxonomy":"product_tag","embeddable":true,"href":"https:\/\/cartium.eu\/cz\/wp-json\/wp\/v2\/product_tag?post=3171"}],"curies":[{"name":"wp","href":"https:\/\/api.w.org\/{rel}","templated":true}]}}