{"id":3184,"date":"2021-04-19T12:56:00","date_gmt":"2021-04-19T10:56:00","guid":{"rendered":"https:\/\/shopium.eu\/cz\/?post_type=product&#038;p=3184"},"modified":"2021-04-19T12:59:50","modified_gmt":"2021-04-19T10:59:50","slug":"prenosny-pilates-a-joga-bar-fastyoga","status":"publish","type":"product","link":"https:\/\/cartium.eu\/cz\/produkt\/prenosny-pilates-a-joga-bar-fastyoga\/","title":{"rendered":"Prenosn\u00fd pilates a j\u00f3ga bar \u2013 FastYoga"},"content":{"rendered":"","protected":false},"excerpt":{"rendered":"<p><span style=\"font-weight: 400;\">Skl\u00e1dac\u00ed bar FastYoga s\u00a0elastick\u00fdmi odporov\u00fdmi p\u00e1sy zefektivn\u00ed jak\u00e9koli cvi\u010den\u00ed j\u00f3gy nebo pilatesu, s\u00a0maxim\u00e1ln\u00edm nap\u011bt\u00edm va\u0161eho t\u011bla.<\/span><\/p>\n","protected":false},"featured_media":3189,"comment_status":"closed","ping_status":"closed","template":"","meta":{"inline_featured_image":false},"product_brand":[],"product_cat":[15],"product_tag":[],"class_list":{"0":"post-3184","1":"product","2":"type-product","3":"status-publish","4":"has-post-thumbnail","6":"product_cat-uncategorized","8":"first","9":"instock","10":"sale","11":"taxable","12":"shipping-taxable","13":"purchasable","14":"product-type-simple"},"acf":[],"_links":{"self":[{"href":"https:\/\/cartium.eu\/cz\/wp-json\/wp\/v2\/product\/3184","targetHints":{"allow":["GET"]}}],"collection":[{"href":"https:\/\/cartium.eu\/cz\/wp-json\/wp\/v2\/product"}],"about":[{"href":"https:\/\/cartium.eu\/cz\/wp-json\/wp\/v2\/types\/product"}],"replies":[{"embeddable":true,"href":"https:\/\/cartium.eu\/cz\/wp-json\/wp\/v2\/comments?post=3184"}],"wp:featuredmedia":[{"embeddable":true,"href":"https:\/\/cartium.eu\/cz\/wp-json\/wp\/v2\/media\/3189"}],"wp:attachment":[{"href":"https:\/\/cartium.eu\/cz\/wp-json\/wp\/v2\/media?parent=3184"}],"wp:term":[{"taxonomy":"product_brand","embeddable":true,"href":"https:\/\/cartium.eu\/cz\/wp-json\/wp\/v2\/product_brand?post=3184"},{"taxonomy":"product_cat","embeddable":true,"href":"https:\/\/cartium.eu\/cz\/wp-json\/wp\/v2\/product_cat?post=3184"},{"taxonomy":"product_tag","embeddable":true,"href":"https:\/\/cartium.eu\/cz\/wp-json\/wp\/v2\/product_tag?post=3184"}],"curies":[{"name":"wp","href":"https:\/\/api.w.org\/{rel}","templated":true}]}}