{"id":3252,"date":"2021-04-21T09:27:24","date_gmt":"2021-04-21T07:27:24","guid":{"rendered":"https:\/\/shopium.eu\/cz\/?post_type=product&#038;p=3252"},"modified":"2021-04-21T09:31:16","modified_gmt":"2021-04-21T07:31:16","slug":"rezacka-pro-dokonale-kruhy-vericircle","status":"publish","type":"product","link":"https:\/\/cartium.eu\/cz\/produkt\/rezacka-pro-dokonale-kruhy-vericircle\/","title":{"rendered":"\u0158eza\u010dka pro dokonal\u00e9 kruhy &#8211; Vericircle"},"content":{"rendered":"","protected":false},"excerpt":{"rendered":"<p>Mal\u00e1 a praktick\u00e1 pro pohodln\u00e9 no\u0161en\u00ed a pou\u017eit\u00ed kdekoli, je vyrobena z vysoce kvalitn\u00edch materi\u00e1l\u016f a ultra ostr\u00e9 \u010depele, kter\u00e1 hladce pro\u0159ez\u00e1v\u00e1 \u0159emesln\u00e9 materi\u00e1ly.<\/p>\n","protected":false},"featured_media":3253,"comment_status":"closed","ping_status":"closed","template":"","meta":{"inline_featured_image":false},"product_brand":[],"product_cat":[15],"product_tag":[],"class_list":{"0":"post-3252","1":"product","2":"type-product","3":"status-publish","4":"has-post-thumbnail","6":"product_cat-uncategorized","8":"first","9":"instock","10":"sale","11":"taxable","12":"shipping-taxable","13":"purchasable","14":"product-type-simple"},"acf":[],"_links":{"self":[{"href":"https:\/\/cartium.eu\/cz\/wp-json\/wp\/v2\/product\/3252","targetHints":{"allow":["GET"]}}],"collection":[{"href":"https:\/\/cartium.eu\/cz\/wp-json\/wp\/v2\/product"}],"about":[{"href":"https:\/\/cartium.eu\/cz\/wp-json\/wp\/v2\/types\/product"}],"replies":[{"embeddable":true,"href":"https:\/\/cartium.eu\/cz\/wp-json\/wp\/v2\/comments?post=3252"}],"wp:featuredmedia":[{"embeddable":true,"href":"https:\/\/cartium.eu\/cz\/wp-json\/wp\/v2\/media\/3253"}],"wp:attachment":[{"href":"https:\/\/cartium.eu\/cz\/wp-json\/wp\/v2\/media?parent=3252"}],"wp:term":[{"taxonomy":"product_brand","embeddable":true,"href":"https:\/\/cartium.eu\/cz\/wp-json\/wp\/v2\/product_brand?post=3252"},{"taxonomy":"product_cat","embeddable":true,"href":"https:\/\/cartium.eu\/cz\/wp-json\/wp\/v2\/product_cat?post=3252"},{"taxonomy":"product_tag","embeddable":true,"href":"https:\/\/cartium.eu\/cz\/wp-json\/wp\/v2\/product_tag?post=3252"}],"curies":[{"name":"wp","href":"https:\/\/api.w.org\/{rel}","templated":true}]}}