{"id":3280,"date":"2021-04-22T21:04:01","date_gmt":"2021-04-22T19:04:01","guid":{"rendered":"https:\/\/shopium.eu\/cz\/?post_type=product&#038;p=3280"},"modified":"2021-04-22T21:06:40","modified_gmt":"2021-04-22T19:06:40","slug":"detske-hracky-do-vany-babybot","status":"publish","type":"product","link":"https:\/\/cartium.eu\/cz\/produkt\/detske-hracky-do-vany-babybot\/","title":{"rendered":"D\u011btsk\u00e9 hra\u010dky do vany &#8211; Babybot"},"content":{"rendered":"","protected":false},"excerpt":{"rendered":"<p>Praktick\u00e9 a sympatick\u00e9 hra\u010dky, kter\u00e9 st\u0159\u00edkaj\u00ed, s nimi\u017e se chlapci a hol\u010di\u010dky budou r\u00e1di koupat.<\/p>\n","protected":false},"featured_media":3284,"comment_status":"closed","ping_status":"closed","template":"","meta":{"inline_featured_image":false},"product_brand":[],"product_cat":[15],"product_tag":[],"class_list":{"0":"post-3280","1":"product","2":"type-product","3":"status-publish","4":"has-post-thumbnail","6":"product_cat-uncategorized","8":"first","9":"instock","10":"sale","11":"taxable","12":"shipping-taxable","13":"purchasable","14":"product-type-simple"},"acf":[],"_links":{"self":[{"href":"https:\/\/cartium.eu\/cz\/wp-json\/wp\/v2\/product\/3280","targetHints":{"allow":["GET"]}}],"collection":[{"href":"https:\/\/cartium.eu\/cz\/wp-json\/wp\/v2\/product"}],"about":[{"href":"https:\/\/cartium.eu\/cz\/wp-json\/wp\/v2\/types\/product"}],"replies":[{"embeddable":true,"href":"https:\/\/cartium.eu\/cz\/wp-json\/wp\/v2\/comments?post=3280"}],"wp:featuredmedia":[{"embeddable":true,"href":"https:\/\/cartium.eu\/cz\/wp-json\/wp\/v2\/media\/3284"}],"wp:attachment":[{"href":"https:\/\/cartium.eu\/cz\/wp-json\/wp\/v2\/media?parent=3280"}],"wp:term":[{"taxonomy":"product_brand","embeddable":true,"href":"https:\/\/cartium.eu\/cz\/wp-json\/wp\/v2\/product_brand?post=3280"},{"taxonomy":"product_cat","embeddable":true,"href":"https:\/\/cartium.eu\/cz\/wp-json\/wp\/v2\/product_cat?post=3280"},{"taxonomy":"product_tag","embeddable":true,"href":"https:\/\/cartium.eu\/cz\/wp-json\/wp\/v2\/product_tag?post=3280"}],"curies":[{"name":"wp","href":"https:\/\/api.w.org\/{rel}","templated":true}]}}