{"id":3311,"date":"2021-04-26T14:39:43","date_gmt":"2021-04-26T12:39:43","guid":{"rendered":"https:\/\/shopium.eu\/cz\/?post_type=product&#038;p=3311"},"modified":"2021-04-26T14:42:59","modified_gmt":"2021-04-26T12:42:59","slug":"univerzalni-wc-kartac-cleanite","status":"publish","type":"product","link":"https:\/\/cartium.eu\/cz\/produkt\/univerzalni-wc-kartac-cleanite\/","title":{"rendered":"Univerz\u00e1ln\u00ed wc kart\u00e1\u010d \u2013 Cleanite"},"content":{"rendered":"","protected":false},"excerpt":{"rendered":"<p><span style=\"font-weight: 400;\">Vym\u011b\u0148te star\u00e9, opot\u0159ebovan\u00e9 a nevzhledn\u00e9 toaletn\u00ed kart\u00e1\u010de za tento inovativn\u00ed a super praktick\u00fd kart\u00e1\u010d Cleanite, s\u00a0vym\u011bniteln\u00fdmi n\u00e1stavci, kter\u00fd sv\u00fdm designem dos\u00e1hne m\u00edsta, kam ostatn\u00ed nemohou.<\/span><\/p>\n","protected":false},"featured_media":3312,"comment_status":"closed","ping_status":"closed","template":"","meta":{"inline_featured_image":false},"product_brand":[],"product_cat":[15],"product_tag":[],"class_list":{"0":"post-3311","1":"product","2":"type-product","3":"status-publish","4":"has-post-thumbnail","6":"product_cat-uncategorized","8":"first","9":"instock","10":"sale","11":"taxable","12":"shipping-taxable","13":"purchasable","14":"product-type-simple"},"acf":[],"_links":{"self":[{"href":"https:\/\/cartium.eu\/cz\/wp-json\/wp\/v2\/product\/3311","targetHints":{"allow":["GET"]}}],"collection":[{"href":"https:\/\/cartium.eu\/cz\/wp-json\/wp\/v2\/product"}],"about":[{"href":"https:\/\/cartium.eu\/cz\/wp-json\/wp\/v2\/types\/product"}],"replies":[{"embeddable":true,"href":"https:\/\/cartium.eu\/cz\/wp-json\/wp\/v2\/comments?post=3311"}],"wp:featuredmedia":[{"embeddable":true,"href":"https:\/\/cartium.eu\/cz\/wp-json\/wp\/v2\/media\/3312"}],"wp:attachment":[{"href":"https:\/\/cartium.eu\/cz\/wp-json\/wp\/v2\/media?parent=3311"}],"wp:term":[{"taxonomy":"product_brand","embeddable":true,"href":"https:\/\/cartium.eu\/cz\/wp-json\/wp\/v2\/product_brand?post=3311"},{"taxonomy":"product_cat","embeddable":true,"href":"https:\/\/cartium.eu\/cz\/wp-json\/wp\/v2\/product_cat?post=3311"},{"taxonomy":"product_tag","embeddable":true,"href":"https:\/\/cartium.eu\/cz\/wp-json\/wp\/v2\/product_tag?post=3311"}],"curies":[{"name":"wp","href":"https:\/\/api.w.org\/{rel}","templated":true}]}}