{"id":3319,"date":"2021-04-26T14:44:18","date_gmt":"2021-04-26T12:44:18","guid":{"rendered":"https:\/\/shopium.eu\/cz\/?post_type=product&#038;p=3319"},"modified":"2021-04-26T14:47:58","modified_gmt":"2021-04-26T12:47:58","slug":"bidetova-sprska-washpipe","status":"publish","type":"product","link":"https:\/\/cartium.eu\/cz\/produkt\/bidetova-sprska-washpipe\/","title":{"rendered":"Bidetov\u00e1 spr\u0161ka \u2013 WashPipe"},"content":{"rendered":"","protected":false},"excerpt":{"rendered":"<p><span style=\"font-weight: 400;\">WashPipe univerz\u00e1ln\u00ed sada, se kterou snadno ud\u011bl\u00e1te bidet z wc m\u00edsy a umo\u017en\u00edte maxim\u00e1ln\u00ed osobn\u00ed hygienu bez slo\u017eit\u00fdch instalac\u00ed.\u00a0<\/span><\/p>\n","protected":false},"featured_media":3320,"comment_status":"closed","ping_status":"closed","template":"","meta":{"inline_featured_image":false},"product_brand":[],"product_cat":[15],"product_tag":[],"class_list":{"0":"post-3319","1":"product","2":"type-product","3":"status-publish","4":"has-post-thumbnail","6":"product_cat-uncategorized","8":"first","9":"instock","10":"sale","11":"taxable","12":"shipping-taxable","13":"purchasable","14":"product-type-simple"},"acf":[],"_links":{"self":[{"href":"https:\/\/cartium.eu\/cz\/wp-json\/wp\/v2\/product\/3319","targetHints":{"allow":["GET"]}}],"collection":[{"href":"https:\/\/cartium.eu\/cz\/wp-json\/wp\/v2\/product"}],"about":[{"href":"https:\/\/cartium.eu\/cz\/wp-json\/wp\/v2\/types\/product"}],"replies":[{"embeddable":true,"href":"https:\/\/cartium.eu\/cz\/wp-json\/wp\/v2\/comments?post=3319"}],"wp:featuredmedia":[{"embeddable":true,"href":"https:\/\/cartium.eu\/cz\/wp-json\/wp\/v2\/media\/3320"}],"wp:attachment":[{"href":"https:\/\/cartium.eu\/cz\/wp-json\/wp\/v2\/media?parent=3319"}],"wp:term":[{"taxonomy":"product_brand","embeddable":true,"href":"https:\/\/cartium.eu\/cz\/wp-json\/wp\/v2\/product_brand?post=3319"},{"taxonomy":"product_cat","embeddable":true,"href":"https:\/\/cartium.eu\/cz\/wp-json\/wp\/v2\/product_cat?post=3319"},{"taxonomy":"product_tag","embeddable":true,"href":"https:\/\/cartium.eu\/cz\/wp-json\/wp\/v2\/product_tag?post=3319"}],"curies":[{"name":"wp","href":"https:\/\/api.w.org\/{rel}","templated":true}]}}