{"id":3326,"date":"2021-04-26T14:52:29","date_gmt":"2021-04-26T12:52:29","guid":{"rendered":"https:\/\/shopium.eu\/cz\/?post_type=product&#038;p=3326"},"modified":"2021-04-26T14:55:38","modified_gmt":"2021-04-26T12:55:38","slug":"led-osvetleni-na-toaletu-se-senzorem-pohybu-lightiny","status":"publish","type":"product","link":"https:\/\/cartium.eu\/cz\/produkt\/led-osvetleni-na-toaletu-se-senzorem-pohybu-lightiny\/","title":{"rendered":"LED osv\u011btlen\u00ed na toaletu se senzorem pohybu \u2013 Lightiny"},"content":{"rendered":"","protected":false},"excerpt":{"rendered":"<p><span style=\"font-weight: 400;\">Lightiny LED osv\u011btlen\u00ed na toaletu se senzorem pohybu slou\u017e\u00ed jako no\u010dn\u00ed osv\u011btlen\u00ed toalety, nen\u00ed ji\u017e nutno rozsv\u011bcovat sv\u011btlo a ni\u010dit si o\u010di.\u00a0<\/span><\/p>\n","protected":false},"featured_media":3328,"comment_status":"closed","ping_status":"closed","template":"","meta":{"inline_featured_image":false},"product_brand":[],"product_cat":[15],"product_tag":[],"class_list":{"0":"post-3326","1":"product","2":"type-product","3":"status-publish","4":"has-post-thumbnail","6":"product_cat-uncategorized","8":"first","9":"instock","10":"sale","11":"taxable","12":"shipping-taxable","13":"purchasable","14":"product-type-simple"},"acf":[],"_links":{"self":[{"href":"https:\/\/cartium.eu\/cz\/wp-json\/wp\/v2\/product\/3326","targetHints":{"allow":["GET"]}}],"collection":[{"href":"https:\/\/cartium.eu\/cz\/wp-json\/wp\/v2\/product"}],"about":[{"href":"https:\/\/cartium.eu\/cz\/wp-json\/wp\/v2\/types\/product"}],"replies":[{"embeddable":true,"href":"https:\/\/cartium.eu\/cz\/wp-json\/wp\/v2\/comments?post=3326"}],"wp:featuredmedia":[{"embeddable":true,"href":"https:\/\/cartium.eu\/cz\/wp-json\/wp\/v2\/media\/3328"}],"wp:attachment":[{"href":"https:\/\/cartium.eu\/cz\/wp-json\/wp\/v2\/media?parent=3326"}],"wp:term":[{"taxonomy":"product_brand","embeddable":true,"href":"https:\/\/cartium.eu\/cz\/wp-json\/wp\/v2\/product_brand?post=3326"},{"taxonomy":"product_cat","embeddable":true,"href":"https:\/\/cartium.eu\/cz\/wp-json\/wp\/v2\/product_cat?post=3326"},{"taxonomy":"product_tag","embeddable":true,"href":"https:\/\/cartium.eu\/cz\/wp-json\/wp\/v2\/product_tag?post=3326"}],"curies":[{"name":"wp","href":"https:\/\/api.w.org\/{rel}","templated":true}]}}