{"id":3332,"date":"2021-04-26T14:56:19","date_gmt":"2021-04-26T12:56:19","guid":{"rendered":"https:\/\/shopium.eu\/cz\/?post_type=product&#038;p=3332"},"modified":"2021-04-26T14:58:56","modified_gmt":"2021-04-26T12:58:56","slug":"privesek-na-sebeobranu-steelfuse","status":"publish","type":"product","link":"https:\/\/cartium.eu\/cz\/produkt\/privesek-na-sebeobranu-steelfuse\/","title":{"rendered":"P\u0159\u00edv\u011bsek na sebeobranu \u2013 SteelFuse"},"content":{"rendered":"","protected":false},"excerpt":{"rendered":"<p><span style=\"font-weight: 400;\">SteelFuse ultra siln\u00e9 a odoln\u00e9 lano s\u00a0kovovou koul\u00ed pro sebeobranu, v\u00a0podob\u011b kl\u00ed\u010denky v\u00e1m poskytne vy\u0161\u0161\u00ed bezpe\u010dnost v\u00a0noci.<\/span><\/p>\n","protected":false},"featured_media":3338,"comment_status":"closed","ping_status":"closed","template":"","meta":{"inline_featured_image":false},"product_brand":[],"product_cat":[15],"product_tag":[],"class_list":{"0":"post-3332","1":"product","2":"type-product","3":"status-publish","4":"has-post-thumbnail","6":"product_cat-uncategorized","8":"first","9":"instock","10":"sale","11":"taxable","12":"shipping-taxable","13":"purchasable","14":"product-type-simple"},"acf":[],"_links":{"self":[{"href":"https:\/\/cartium.eu\/cz\/wp-json\/wp\/v2\/product\/3332","targetHints":{"allow":["GET"]}}],"collection":[{"href":"https:\/\/cartium.eu\/cz\/wp-json\/wp\/v2\/product"}],"about":[{"href":"https:\/\/cartium.eu\/cz\/wp-json\/wp\/v2\/types\/product"}],"replies":[{"embeddable":true,"href":"https:\/\/cartium.eu\/cz\/wp-json\/wp\/v2\/comments?post=3332"}],"wp:featuredmedia":[{"embeddable":true,"href":"https:\/\/cartium.eu\/cz\/wp-json\/wp\/v2\/media\/3338"}],"wp:attachment":[{"href":"https:\/\/cartium.eu\/cz\/wp-json\/wp\/v2\/media?parent=3332"}],"wp:term":[{"taxonomy":"product_brand","embeddable":true,"href":"https:\/\/cartium.eu\/cz\/wp-json\/wp\/v2\/product_brand?post=3332"},{"taxonomy":"product_cat","embeddable":true,"href":"https:\/\/cartium.eu\/cz\/wp-json\/wp\/v2\/product_cat?post=3332"},{"taxonomy":"product_tag","embeddable":true,"href":"https:\/\/cartium.eu\/cz\/wp-json\/wp\/v2\/product_tag?post=3332"}],"curies":[{"name":"wp","href":"https:\/\/api.w.org\/{rel}","templated":true}]}}