{"id":3341,"date":"2021-04-26T14:59:32","date_gmt":"2021-04-26T12:59:32","guid":{"rendered":"https:\/\/shopium.eu\/cz\/?post_type=product&#038;p=3341"},"modified":"2021-04-26T15:02:08","modified_gmt":"2021-04-26T13:02:08","slug":"magicka-skrabka-3v1-gooper","status":"publish","type":"product","link":"https:\/\/cartium.eu\/cz\/produkt\/magicka-skrabka-3v1-gooper\/","title":{"rendered":"Magick\u00e1 \u0161krabka 3v1 \u2013 Gooper"},"content":{"rendered":"","protected":false},"excerpt":{"rendered":"<p><span style=\"font-weight: 400;\">Univerz\u00e1ln\u00ed \u0161krabka 3v1 Gooper na ovoce a zeleninu, se kterou se ka\u017ed\u00e9 j\u00eddlo a p\u0159\u00edprava j\u00eddla stane pot\u011b\u0161en\u00edm s\u00a0maxim\u00e1ln\u00ed \u010dasovou \u00fasporou.<\/span><\/p>\n","protected":false},"featured_media":3346,"comment_status":"closed","ping_status":"closed","template":"","meta":{"inline_featured_image":false},"product_brand":[],"product_cat":[15],"product_tag":[],"class_list":{"0":"post-3341","1":"product","2":"type-product","3":"status-publish","4":"has-post-thumbnail","6":"product_cat-uncategorized","8":"first","9":"instock","10":"sale","11":"taxable","12":"shipping-taxable","13":"purchasable","14":"product-type-simple"},"acf":[],"_links":{"self":[{"href":"https:\/\/cartium.eu\/cz\/wp-json\/wp\/v2\/product\/3341","targetHints":{"allow":["GET"]}}],"collection":[{"href":"https:\/\/cartium.eu\/cz\/wp-json\/wp\/v2\/product"}],"about":[{"href":"https:\/\/cartium.eu\/cz\/wp-json\/wp\/v2\/types\/product"}],"replies":[{"embeddable":true,"href":"https:\/\/cartium.eu\/cz\/wp-json\/wp\/v2\/comments?post=3341"}],"wp:featuredmedia":[{"embeddable":true,"href":"https:\/\/cartium.eu\/cz\/wp-json\/wp\/v2\/media\/3346"}],"wp:attachment":[{"href":"https:\/\/cartium.eu\/cz\/wp-json\/wp\/v2\/media?parent=3341"}],"wp:term":[{"taxonomy":"product_brand","embeddable":true,"href":"https:\/\/cartium.eu\/cz\/wp-json\/wp\/v2\/product_brand?post=3341"},{"taxonomy":"product_cat","embeddable":true,"href":"https:\/\/cartium.eu\/cz\/wp-json\/wp\/v2\/product_cat?post=3341"},{"taxonomy":"product_tag","embeddable":true,"href":"https:\/\/cartium.eu\/cz\/wp-json\/wp\/v2\/product_tag?post=3341"}],"curies":[{"name":"wp","href":"https:\/\/api.w.org\/{rel}","templated":true}]}}