{"id":3577,"date":"2019-10-18T13:30:08","date_gmt":"2019-10-18T11:30:08","guid":{"rendered":"https:\/\/cartium.eu\/cz\/?post_type=product&#038;p=3577"},"modified":"2023-01-05T13:04:05","modified_gmt":"2023-01-05T12:04:05","slug":"11-zdarma-univerzalni-prodluzovaci-klic-wrenchextension","status":"publish","type":"product","link":"https:\/\/cartium.eu\/cz\/produkt\/11-zdarma-univerzalni-prodluzovaci-klic-wrenchextension\/","title":{"rendered":"1+1 ZDARMA Univerz\u00e1ln\u00ed prodlu\u017eovac\u00ed kl\u00ed\u010d &#8211; WrenchExtension"},"content":{"rendered":"","protected":false},"excerpt":{"rendered":"<p>Wrenchy je nov\u00e1 generace n\u00e1stavc\u016f pro v\u0161echny kl\u00ed\u010de a vrta\u010dky o pr\u016fm\u011bru 0.3 \u2013 9 mm, se kter\u00fdm snadno dos\u00e1hnete na t\u011b\u017eko dostupn\u00e1 m\u00edsta ve va\u0161em aut\u011b, dom\u00e1cnosti a podobn\u011b.<\/p>\n","protected":false},"featured_media":3488,"comment_status":"closed","ping_status":"closed","template":"","meta":{"inline_featured_image":false},"product_brand":[],"product_cat":[15,24],"product_tag":[],"class_list":{"0":"post-3577","1":"product","2":"type-product","3":"status-publish","4":"has-post-thumbnail","6":"product_cat-uncategorized","7":"product_cat-sale","9":"first","10":"instock","11":"sale","12":"taxable","13":"shipping-taxable","14":"purchasable","15":"product-type-simple"},"acf":[],"_links":{"self":[{"href":"https:\/\/cartium.eu\/cz\/wp-json\/wp\/v2\/product\/3577","targetHints":{"allow":["GET"]}}],"collection":[{"href":"https:\/\/cartium.eu\/cz\/wp-json\/wp\/v2\/product"}],"about":[{"href":"https:\/\/cartium.eu\/cz\/wp-json\/wp\/v2\/types\/product"}],"replies":[{"embeddable":true,"href":"https:\/\/cartium.eu\/cz\/wp-json\/wp\/v2\/comments?post=3577"}],"wp:featuredmedia":[{"embeddable":true,"href":"https:\/\/cartium.eu\/cz\/wp-json\/wp\/v2\/media\/3488"}],"wp:attachment":[{"href":"https:\/\/cartium.eu\/cz\/wp-json\/wp\/v2\/media?parent=3577"}],"wp:term":[{"taxonomy":"product_brand","embeddable":true,"href":"https:\/\/cartium.eu\/cz\/wp-json\/wp\/v2\/product_brand?post=3577"},{"taxonomy":"product_cat","embeddable":true,"href":"https:\/\/cartium.eu\/cz\/wp-json\/wp\/v2\/product_cat?post=3577"},{"taxonomy":"product_tag","embeddable":true,"href":"https:\/\/cartium.eu\/cz\/wp-json\/wp\/v2\/product_tag?post=3577"}],"curies":[{"name":"wp","href":"https:\/\/api.w.org\/{rel}","templated":true}]}}