{"id":3578,"date":"2019-10-18T13:30:27","date_gmt":"2019-10-18T11:30:27","guid":{"rendered":"https:\/\/cartium.eu\/cz\/?post_type=product&#038;p=3578"},"modified":"2021-10-20T09:12:24","modified_gmt":"2021-10-20T07:12:24","slug":"11-zdarma-multifunkcni-struhadlo-sealant","status":"publish","type":"product","link":"https:\/\/cartium.eu\/cz\/produkt\/11-zdarma-multifunkcni-struhadlo-sealant\/","title":{"rendered":"1+1 ZDARMA Multifunk\u010dn\u00ed struhadlo &#8211; Cuttes"},"content":{"rendered":"<p>Inovativn\u00ed a velmi praktick\u00e9 struhadlo vyrobeno z nerezov\u00e9 oceli, se t\u0159emi r\u016fzn\u00fdmi n\u00e1stavci, kter\u00e9 v\u00e1m usnadn\u00ed ka\u017edodenn\u00ed p\u0159\u00edpravu a sek\u00e1n\u00ed potravin v\u0161ech velikost\u00ed a tvar\u016f!<\/p>\n","protected":false},"excerpt":{"rendered":"<p>Inovativn\u00ed a velmi praktick\u00e9 struhadlo vyrobeno z nerezov\u00e9 oceli, se t\u0159emi r\u016fzn\u00fdmi n\u00e1stavci, kter\u00e9 v\u00e1m usnadn\u00ed ka\u017edodenn\u00ed p\u0159\u00edpravu a sek\u00e1n\u00ed potravin v\u0161ech velikost\u00ed a tvar\u016f!<\/p>\n","protected":false},"featured_media":281,"comment_status":"closed","ping_status":"closed","template":"","meta":{"inline_featured_image":false},"product_brand":[],"product_cat":[15,27,24],"product_tag":[],"class_list":{"0":"post-3578","1":"product","2":"type-product","3":"status-publish","4":"has-post-thumbnail","6":"product_cat-uncategorized","7":"product_cat-home","8":"product_cat-sale","10":"first","11":"instock","12":"sale","13":"taxable","14":"shipping-taxable","15":"purchasable","16":"product-type-simple"},"acf":[],"_links":{"self":[{"href":"https:\/\/cartium.eu\/cz\/wp-json\/wp\/v2\/product\/3578","targetHints":{"allow":["GET"]}}],"collection":[{"href":"https:\/\/cartium.eu\/cz\/wp-json\/wp\/v2\/product"}],"about":[{"href":"https:\/\/cartium.eu\/cz\/wp-json\/wp\/v2\/types\/product"}],"replies":[{"embeddable":true,"href":"https:\/\/cartium.eu\/cz\/wp-json\/wp\/v2\/comments?post=3578"}],"wp:featuredmedia":[{"embeddable":true,"href":"https:\/\/cartium.eu\/cz\/wp-json\/wp\/v2\/media\/281"}],"wp:attachment":[{"href":"https:\/\/cartium.eu\/cz\/wp-json\/wp\/v2\/media?parent=3578"}],"wp:term":[{"taxonomy":"product_brand","embeddable":true,"href":"https:\/\/cartium.eu\/cz\/wp-json\/wp\/v2\/product_brand?post=3578"},{"taxonomy":"product_cat","embeddable":true,"href":"https:\/\/cartium.eu\/cz\/wp-json\/wp\/v2\/product_cat?post=3578"},{"taxonomy":"product_tag","embeddable":true,"href":"https:\/\/cartium.eu\/cz\/wp-json\/wp\/v2\/product_tag?post=3578"}],"curies":[{"name":"wp","href":"https:\/\/api.w.org\/{rel}","templated":true}]}}