{"id":3582,"date":"2021-10-20T11:31:21","date_gmt":"2021-10-20T09:31:21","guid":{"rendered":"https:\/\/cartium.eu\/cz\/?post_type=product&#038;p=3582"},"modified":"2021-10-20T11:46:28","modified_gmt":"2021-10-20T09:46:28","slug":"solarni-lampa-falesna-bezpecnostni-kamera-fakeam","status":"publish","type":"product","link":"https:\/\/cartium.eu\/cz\/produkt\/solarni-lampa-falesna-bezpecnostni-kamera-fakeam\/","title":{"rendered":"Sol\u00e1rn\u00ed lampa &#8211; fale\u0161n\u00e1 bezpe\u010dnostn\u00ed kamera \u2013 Fakeam"},"content":{"rendered":"","protected":false},"excerpt":{"rendered":"<p><span style=\"font-weight: 400\">Revolu\u010dn\u00ed produkt, kter\u00fd p\u0159inese pot\u0159ebn\u00e9 zabezpe\u010den\u00ed p\u0159i ochran\u011b va\u0161eho majetku, a je to pouze LED lampa, kter\u00e1 vypad\u00e1 jako skute\u010dn\u00e1 sledovac\u00ed kamera a dokonce m\u00e1 pohybov\u00fd PIR senzor!<\/span><\/p>\n","protected":false},"featured_media":3595,"comment_status":"closed","ping_status":"closed","template":"","meta":{"inline_featured_image":false},"product_brand":[],"product_cat":[15,27],"product_tag":[],"class_list":{"0":"post-3582","1":"product","2":"type-product","3":"status-publish","4":"has-post-thumbnail","6":"product_cat-uncategorized","7":"product_cat-home","9":"first","10":"instock","11":"sale","12":"taxable","13":"shipping-taxable","14":"purchasable","15":"product-type-simple"},"acf":[],"_links":{"self":[{"href":"https:\/\/cartium.eu\/cz\/wp-json\/wp\/v2\/product\/3582","targetHints":{"allow":["GET"]}}],"collection":[{"href":"https:\/\/cartium.eu\/cz\/wp-json\/wp\/v2\/product"}],"about":[{"href":"https:\/\/cartium.eu\/cz\/wp-json\/wp\/v2\/types\/product"}],"replies":[{"embeddable":true,"href":"https:\/\/cartium.eu\/cz\/wp-json\/wp\/v2\/comments?post=3582"}],"wp:featuredmedia":[{"embeddable":true,"href":"https:\/\/cartium.eu\/cz\/wp-json\/wp\/v2\/media\/3595"}],"wp:attachment":[{"href":"https:\/\/cartium.eu\/cz\/wp-json\/wp\/v2\/media?parent=3582"}],"wp:term":[{"taxonomy":"product_brand","embeddable":true,"href":"https:\/\/cartium.eu\/cz\/wp-json\/wp\/v2\/product_brand?post=3582"},{"taxonomy":"product_cat","embeddable":true,"href":"https:\/\/cartium.eu\/cz\/wp-json\/wp\/v2\/product_cat?post=3582"},{"taxonomy":"product_tag","embeddable":true,"href":"https:\/\/cartium.eu\/cz\/wp-json\/wp\/v2\/product_tag?post=3582"}],"curies":[{"name":"wp","href":"https:\/\/api.w.org\/{rel}","templated":true}]}}