{"id":3636,"date":"2022-03-31T13:30:51","date_gmt":"2022-03-31T11:30:51","guid":{"rendered":"https:\/\/cartium.eu\/cz\/?post_type=product&#038;p=3636"},"modified":"2023-01-05T13:19:17","modified_gmt":"2023-01-05T12:19:17","slug":"11-zdarma-mazaci-jehla-topdle","status":"publish","type":"product","link":"https:\/\/cartium.eu\/cz\/produkt\/11-zdarma-mazaci-jehla-topdle\/","title":{"rendered":"1+1 ZDARMA Mazac\u00ed jehla &#8211; Topdle"},"content":{"rendered":"","protected":false},"excerpt":{"rendered":"<p>\u0160pi\u010dka t\u00e9to jehly umo\u017e\u0148uje vst\u0159ikovat tuk do t\u011bsn\u00fdch prostor. Ud\u011blejte svou pr\u00e1ci efektivn\u011bj\u0161\u00ed a spolehliv\u011bj\u0161\u00ed!<\/p>\n","protected":false},"featured_media":3647,"comment_status":"closed","ping_status":"closed","template":"","meta":{"inline_featured_image":false},"product_brand":[],"product_cat":[15,27,24],"product_tag":[],"class_list":{"0":"post-3636","1":"product","2":"type-product","3":"status-publish","4":"has-post-thumbnail","6":"product_cat-uncategorized","7":"product_cat-home","8":"product_cat-sale","10":"first","11":"instock","12":"sale","13":"taxable","14":"shipping-taxable","15":"purchasable","16":"product-type-simple"},"acf":[],"_links":{"self":[{"href":"https:\/\/cartium.eu\/cz\/wp-json\/wp\/v2\/product\/3636","targetHints":{"allow":["GET"]}}],"collection":[{"href":"https:\/\/cartium.eu\/cz\/wp-json\/wp\/v2\/product"}],"about":[{"href":"https:\/\/cartium.eu\/cz\/wp-json\/wp\/v2\/types\/product"}],"replies":[{"embeddable":true,"href":"https:\/\/cartium.eu\/cz\/wp-json\/wp\/v2\/comments?post=3636"}],"wp:featuredmedia":[{"embeddable":true,"href":"https:\/\/cartium.eu\/cz\/wp-json\/wp\/v2\/media\/3647"}],"wp:attachment":[{"href":"https:\/\/cartium.eu\/cz\/wp-json\/wp\/v2\/media?parent=3636"}],"wp:term":[{"taxonomy":"product_brand","embeddable":true,"href":"https:\/\/cartium.eu\/cz\/wp-json\/wp\/v2\/product_brand?post=3636"},{"taxonomy":"product_cat","embeddable":true,"href":"https:\/\/cartium.eu\/cz\/wp-json\/wp\/v2\/product_cat?post=3636"},{"taxonomy":"product_tag","embeddable":true,"href":"https:\/\/cartium.eu\/cz\/wp-json\/wp\/v2\/product_tag?post=3636"}],"curies":[{"name":"wp","href":"https:\/\/api.w.org\/{rel}","templated":true}]}}