{"id":4042,"date":"2022-06-14T07:35:13","date_gmt":"2022-06-14T05:35:13","guid":{"rendered":"https:\/\/cartium.eu\/cz\/?post_type=product&#038;p=4042"},"modified":"2022-10-27T09:45:49","modified_gmt":"2022-10-27T07:45:49","slug":"silikonove-naplasti-proti-vraskam-pro-opakovane-pouziti","status":"publish","type":"product","link":"https:\/\/cartium.eu\/cz\/produkt\/silikonove-naplasti-proti-vraskam-pro-opakovane-pouziti\/","title":{"rendered":"Silikonov\u00e9 n\u00e1plasti proti vr\u00e1sk\u00e1m pro opakovan\u00e9 pou\u017eit\u00ed"},"content":{"rendered":"","protected":false},"excerpt":{"rendered":"<p>Tyto n\u00e1plasti proti vr\u00e1sk\u00e1m pom\u00e1haj\u00ed vy\u0159e\u0161it probl\u00e9m norm\u00e1ln\u00ed ztr\u00e1ty kolagenu na poko\u017ece a vr\u00e1sek! V\u00a0sad\u011b dostanete v\u0161e, co pot\u0159ebujete pro sv\u016fj obli\u010dej, krk a hrudn\u00edk!<\/p>\n","protected":false},"featured_media":4044,"comment_status":"closed","ping_status":"closed","template":"","meta":{"inline_featured_image":false},"product_brand":[],"product_cat":[15],"product_tag":[],"class_list":{"0":"post-4042","1":"product","2":"type-product","3":"status-publish","4":"has-post-thumbnail","6":"product_cat-uncategorized","8":"first","9":"instock","10":"sale","11":"taxable","12":"shipping-taxable","13":"purchasable","14":"product-type-simple"},"acf":[],"_links":{"self":[{"href":"https:\/\/cartium.eu\/cz\/wp-json\/wp\/v2\/product\/4042","targetHints":{"allow":["GET"]}}],"collection":[{"href":"https:\/\/cartium.eu\/cz\/wp-json\/wp\/v2\/product"}],"about":[{"href":"https:\/\/cartium.eu\/cz\/wp-json\/wp\/v2\/types\/product"}],"replies":[{"embeddable":true,"href":"https:\/\/cartium.eu\/cz\/wp-json\/wp\/v2\/comments?post=4042"}],"wp:featuredmedia":[{"embeddable":true,"href":"https:\/\/cartium.eu\/cz\/wp-json\/wp\/v2\/media\/4044"}],"wp:attachment":[{"href":"https:\/\/cartium.eu\/cz\/wp-json\/wp\/v2\/media?parent=4042"}],"wp:term":[{"taxonomy":"product_brand","embeddable":true,"href":"https:\/\/cartium.eu\/cz\/wp-json\/wp\/v2\/product_brand?post=4042"},{"taxonomy":"product_cat","embeddable":true,"href":"https:\/\/cartium.eu\/cz\/wp-json\/wp\/v2\/product_cat?post=4042"},{"taxonomy":"product_tag","embeddable":true,"href":"https:\/\/cartium.eu\/cz\/wp-json\/wp\/v2\/product_tag?post=4042"}],"curies":[{"name":"wp","href":"https:\/\/api.w.org\/{rel}","templated":true}]}}