{"id":4285,"date":"2022-07-01T12:43:34","date_gmt":"2022-07-01T10:43:34","guid":{"rendered":"https:\/\/cartium.eu\/cz\/?post_type=product&#038;p=4285"},"modified":"2022-07-06T15:45:21","modified_gmt":"2022-07-06T13:45:21","slug":"tekutina-na-beleni-zubu","status":"publish","type":"product","link":"https:\/\/cartium.eu\/cz\/produkt\/tekutina-na-beleni-zubu\/","title":{"rendered":"Tekutina na b\u011blen\u00ed zub\u016f"},"content":{"rendered":"","protected":false},"excerpt":{"rendered":"<p>Neutralizujte o\u0161klivou \u017elutou barvu ze sv\u00fdch zub\u016f. Za velmi kr\u00e1tkou dobu nechte sv\u00e9 zuby zaz\u00e1\u0159it a z\u00edskat perle\u0165ov\u011b b\u00edl\u00e9 zuby.<\/p>\n<p>&nbsp;<\/p>\n","protected":false},"featured_media":4286,"comment_status":"closed","ping_status":"closed","template":"","meta":{"inline_featured_image":false},"product_brand":[],"product_cat":[15],"product_tag":[],"class_list":{"0":"post-4285","1":"product","2":"type-product","3":"status-publish","4":"has-post-thumbnail","6":"product_cat-uncategorized","8":"first","9":"instock","10":"sale","11":"taxable","12":"shipping-taxable","13":"purchasable","14":"product-type-simple"},"acf":[],"_links":{"self":[{"href":"https:\/\/cartium.eu\/cz\/wp-json\/wp\/v2\/product\/4285","targetHints":{"allow":["GET"]}}],"collection":[{"href":"https:\/\/cartium.eu\/cz\/wp-json\/wp\/v2\/product"}],"about":[{"href":"https:\/\/cartium.eu\/cz\/wp-json\/wp\/v2\/types\/product"}],"replies":[{"embeddable":true,"href":"https:\/\/cartium.eu\/cz\/wp-json\/wp\/v2\/comments?post=4285"}],"wp:featuredmedia":[{"embeddable":true,"href":"https:\/\/cartium.eu\/cz\/wp-json\/wp\/v2\/media\/4286"}],"wp:attachment":[{"href":"https:\/\/cartium.eu\/cz\/wp-json\/wp\/v2\/media?parent=4285"}],"wp:term":[{"taxonomy":"product_brand","embeddable":true,"href":"https:\/\/cartium.eu\/cz\/wp-json\/wp\/v2\/product_brand?post=4285"},{"taxonomy":"product_cat","embeddable":true,"href":"https:\/\/cartium.eu\/cz\/wp-json\/wp\/v2\/product_cat?post=4285"},{"taxonomy":"product_tag","embeddable":true,"href":"https:\/\/cartium.eu\/cz\/wp-json\/wp\/v2\/product_tag?post=4285"}],"curies":[{"name":"wp","href":"https:\/\/api.w.org\/{rel}","templated":true}]}}