{"id":5029,"date":"2022-08-12T12:55:45","date_gmt":"2022-08-12T10:55:45","guid":{"rendered":"https:\/\/cartium.eu\/cz\/?post_type=product&#038;p=5029"},"modified":"2023-04-13T12:29:03","modified_gmt":"2023-04-13T10:29:03","slug":"hodinky-s-autem-na-dalkove-ovladani","status":"publish","type":"product","link":"https:\/\/cartium.eu\/cz\/produkt\/hodinky-s-autem-na-dalkove-ovladani\/","title":{"rendered":"Hodinky s autem na d\u00e1lkov\u00e9 ovl\u00e1d\u00e1n\u00ed"},"content":{"rendered":"","protected":false},"excerpt":{"rendered":"<p>Fenomen\u00e1ln\u00ed a praktick\u00e1 hra\u010dka, kter\u00e1 rozesm\u011bje a zabav\u00ed ka\u017ed\u00e9 d\u00edt\u011b ve v\u0161ech situac\u00edch. Praktick\u00fd design umo\u017en\u00ed d\u00edt\u011bti m\u00edt svou obl\u00edbenou hra\u010dku st\u00e1le u sebe!<\/p>\n","protected":false},"featured_media":5030,"comment_status":"closed","ping_status":"closed","template":"","meta":{"inline_featured_image":false},"product_brand":[],"product_cat":[15,25,27,35],"product_tag":[],"class_list":{"0":"post-5029","1":"product","2":"type-product","3":"status-publish","4":"has-post-thumbnail","6":"product_cat-uncategorized","7":"product_cat-car","8":"product_cat-home","9":"product_cat-fun","11":"first","12":"instock","13":"sale","14":"taxable","15":"shipping-taxable","16":"purchasable","17":"product-type-simple"},"acf":[],"_links":{"self":[{"href":"https:\/\/cartium.eu\/cz\/wp-json\/wp\/v2\/product\/5029","targetHints":{"allow":["GET"]}}],"collection":[{"href":"https:\/\/cartium.eu\/cz\/wp-json\/wp\/v2\/product"}],"about":[{"href":"https:\/\/cartium.eu\/cz\/wp-json\/wp\/v2\/types\/product"}],"replies":[{"embeddable":true,"href":"https:\/\/cartium.eu\/cz\/wp-json\/wp\/v2\/comments?post=5029"}],"wp:featuredmedia":[{"embeddable":true,"href":"https:\/\/cartium.eu\/cz\/wp-json\/wp\/v2\/media\/5030"}],"wp:attachment":[{"href":"https:\/\/cartium.eu\/cz\/wp-json\/wp\/v2\/media?parent=5029"}],"wp:term":[{"taxonomy":"product_brand","embeddable":true,"href":"https:\/\/cartium.eu\/cz\/wp-json\/wp\/v2\/product_brand?post=5029"},{"taxonomy":"product_cat","embeddable":true,"href":"https:\/\/cartium.eu\/cz\/wp-json\/wp\/v2\/product_cat?post=5029"},{"taxonomy":"product_tag","embeddable":true,"href":"https:\/\/cartium.eu\/cz\/wp-json\/wp\/v2\/product_tag?post=5029"}],"curies":[{"name":"wp","href":"https:\/\/api.w.org\/{rel}","templated":true}]}}