{"id":5763,"date":"2022-09-20T12:52:26","date_gmt":"2022-09-20T10:52:26","guid":{"rendered":"https:\/\/cartium.eu\/cz\/?post_type=product&#038;p=5763"},"modified":"2023-09-09T14:25:44","modified_gmt":"2023-09-09T12:25:44","slug":"magicke-pracovni-sesity-pro-deti","status":"publish","type":"product","link":"https:\/\/cartium.eu\/cz\/produkt\/magicke-pracovni-sesity-pro-deti\/","title":{"rendered":"Magick\u00e9 pracovn\u00ed se\u0161ity pro d\u011bti"},"content":{"rendered":"","protected":false},"excerpt":{"rendered":"<p>Umo\u017en\u011bte sv\u00fdm d\u011btem zlep\u0161it pohyby a tvary, kreslen\u00ed a psan\u00ed s t\u00edmto z\u00e1bavn\u00fdm pracovn\u00edm se\u0161item. P\u0159ipravte sv\u00e9 d\u00edt\u011b do \u0161koly a usnadn\u011bte mu za\u010d\u00e1tek. Nechte d\u011bti rozv\u00edjet jejich p\u0159esnost pomoc\u00ed tohoto pracovn\u00edho se\u0161itu.<\/p>\n","protected":false},"featured_media":5769,"comment_status":"closed","ping_status":"closed","template":"","meta":{"inline_featured_image":false},"product_brand":[],"product_cat":[15,25,35],"product_tag":[],"class_list":{"0":"post-5763","1":"product","2":"type-product","3":"status-publish","4":"has-post-thumbnail","6":"product_cat-uncategorized","7":"product_cat-car","8":"product_cat-fun","10":"first","11":"instock","12":"sale","13":"taxable","14":"shipping-taxable","15":"purchasable","16":"product-type-simple"},"acf":[],"_links":{"self":[{"href":"https:\/\/cartium.eu\/cz\/wp-json\/wp\/v2\/product\/5763","targetHints":{"allow":["GET"]}}],"collection":[{"href":"https:\/\/cartium.eu\/cz\/wp-json\/wp\/v2\/product"}],"about":[{"href":"https:\/\/cartium.eu\/cz\/wp-json\/wp\/v2\/types\/product"}],"replies":[{"embeddable":true,"href":"https:\/\/cartium.eu\/cz\/wp-json\/wp\/v2\/comments?post=5763"}],"wp:featuredmedia":[{"embeddable":true,"href":"https:\/\/cartium.eu\/cz\/wp-json\/wp\/v2\/media\/5769"}],"wp:attachment":[{"href":"https:\/\/cartium.eu\/cz\/wp-json\/wp\/v2\/media?parent=5763"}],"wp:term":[{"taxonomy":"product_brand","embeddable":true,"href":"https:\/\/cartium.eu\/cz\/wp-json\/wp\/v2\/product_brand?post=5763"},{"taxonomy":"product_cat","embeddable":true,"href":"https:\/\/cartium.eu\/cz\/wp-json\/wp\/v2\/product_cat?post=5763"},{"taxonomy":"product_tag","embeddable":true,"href":"https:\/\/cartium.eu\/cz\/wp-json\/wp\/v2\/product_tag?post=5763"}],"curies":[{"name":"wp","href":"https:\/\/api.w.org\/{rel}","templated":true}]}}