{"id":5795,"date":"2022-09-21T14:06:41","date_gmt":"2022-09-21T12:06:41","guid":{"rendered":"https:\/\/cartium.eu\/cz\/?post_type=product&#038;p=5795"},"modified":"2022-09-21T14:19:00","modified_gmt":"2022-09-21T12:19:00","slug":"viceucelovy-termotransferovy-papir","status":"publish","type":"product","link":"https:\/\/cartium.eu\/cz\/produkt\/viceucelovy-termotransferovy-papir\/","title":{"rendered":"V\u00edce\u00fa\u010delov\u00fd termotransferov\u00fd pap\u00edr"},"content":{"rendered":"","protected":false},"excerpt":{"rendered":"<p>Vyrobte si zna\u010dkov\u00e9 oble\u010den\u00ed nebo dres, sv\u00e9 obl\u00edben\u00e9 fotografie na oble\u010den\u00ed um\u00edst\u00edte b\u011bhem p\u00e1r sekund, kombinac\u00ed je mnoho, v\u0161e z\u00e1le\u017e\u00ed na va\u0161\u00ed fantazii, vyrobte si naprosto jedine\u010dn\u00e1 tri\u010dka!<\/p>\n<p>&nbsp;<\/p>\n","protected":false},"featured_media":5800,"comment_status":"closed","ping_status":"closed","template":"","meta":{"inline_featured_image":false},"product_brand":[],"product_cat":[15],"product_tag":[],"class_list":{"0":"post-5795","1":"product","2":"type-product","3":"status-publish","4":"has-post-thumbnail","6":"product_cat-uncategorized","8":"first","9":"instock","10":"sale","11":"taxable","12":"shipping-taxable","13":"purchasable","14":"product-type-simple"},"acf":[],"_links":{"self":[{"href":"https:\/\/cartium.eu\/cz\/wp-json\/wp\/v2\/product\/5795","targetHints":{"allow":["GET"]}}],"collection":[{"href":"https:\/\/cartium.eu\/cz\/wp-json\/wp\/v2\/product"}],"about":[{"href":"https:\/\/cartium.eu\/cz\/wp-json\/wp\/v2\/types\/product"}],"replies":[{"embeddable":true,"href":"https:\/\/cartium.eu\/cz\/wp-json\/wp\/v2\/comments?post=5795"}],"wp:featuredmedia":[{"embeddable":true,"href":"https:\/\/cartium.eu\/cz\/wp-json\/wp\/v2\/media\/5800"}],"wp:attachment":[{"href":"https:\/\/cartium.eu\/cz\/wp-json\/wp\/v2\/media?parent=5795"}],"wp:term":[{"taxonomy":"product_brand","embeddable":true,"href":"https:\/\/cartium.eu\/cz\/wp-json\/wp\/v2\/product_brand?post=5795"},{"taxonomy":"product_cat","embeddable":true,"href":"https:\/\/cartium.eu\/cz\/wp-json\/wp\/v2\/product_cat?post=5795"},{"taxonomy":"product_tag","embeddable":true,"href":"https:\/\/cartium.eu\/cz\/wp-json\/wp\/v2\/product_tag?post=5795"}],"curies":[{"name":"wp","href":"https:\/\/api.w.org\/{rel}","templated":true}]}}