{"id":5953,"date":"2022-09-29T12:13:03","date_gmt":"2022-09-29T10:13:03","guid":{"rendered":"https:\/\/cartium.eu\/cz\/?post_type=product&#038;p=5953"},"modified":"2023-01-05T13:12:12","modified_gmt":"2023-01-05T12:12:12","slug":"deda-mraz-novorocni-dekorace-santas","status":"publish","type":"product","link":"https:\/\/cartium.eu\/cz\/produkt\/deda-mraz-novorocni-dekorace-santas\/","title":{"rendered":"D\u011bda Mr\u00e1z novoro\u010dn\u00ed dekorace  &#8211; Santas"},"content":{"rendered":"","protected":false},"excerpt":{"rendered":"<p>Bl\u00ed\u017e\u00ed se doba pr\u00e1zdnin, dopl\u0148te svoji sb\u00edrku dokonal\u00fdch novoro\u010dn\u00edch dekorac\u00ed o tuto inovativn\u00ed a super COOL vizu\u00e1ln\u00ed a zvukovou dekoraci d\u011bda Mr\u00e1z, a ud\u011blejte radost sv\u00fdm nejmen\u0161\u00edm.<\/p>\n","protected":false},"featured_media":5965,"comment_status":"closed","ping_status":"closed","template":"","meta":{"inline_featured_image":false},"product_brand":[],"product_cat":[15,27,35],"product_tag":[],"class_list":{"0":"post-5953","1":"product","2":"type-product","3":"status-publish","4":"has-post-thumbnail","6":"product_cat-uncategorized","7":"product_cat-home","8":"product_cat-fun","10":"first","11":"instock","12":"sale","13":"taxable","14":"shipping-taxable","15":"purchasable","16":"product-type-simple"},"acf":[],"_links":{"self":[{"href":"https:\/\/cartium.eu\/cz\/wp-json\/wp\/v2\/product\/5953","targetHints":{"allow":["GET"]}}],"collection":[{"href":"https:\/\/cartium.eu\/cz\/wp-json\/wp\/v2\/product"}],"about":[{"href":"https:\/\/cartium.eu\/cz\/wp-json\/wp\/v2\/types\/product"}],"replies":[{"embeddable":true,"href":"https:\/\/cartium.eu\/cz\/wp-json\/wp\/v2\/comments?post=5953"}],"wp:featuredmedia":[{"embeddable":true,"href":"https:\/\/cartium.eu\/cz\/wp-json\/wp\/v2\/media\/5965"}],"wp:attachment":[{"href":"https:\/\/cartium.eu\/cz\/wp-json\/wp\/v2\/media?parent=5953"}],"wp:term":[{"taxonomy":"product_brand","embeddable":true,"href":"https:\/\/cartium.eu\/cz\/wp-json\/wp\/v2\/product_brand?post=5953"},{"taxonomy":"product_cat","embeddable":true,"href":"https:\/\/cartium.eu\/cz\/wp-json\/wp\/v2\/product_cat?post=5953"},{"taxonomy":"product_tag","embeddable":true,"href":"https:\/\/cartium.eu\/cz\/wp-json\/wp\/v2\/product_tag?post=5953"}],"curies":[{"name":"wp","href":"https:\/\/api.w.org\/{rel}","templated":true}]}}