{"id":6104,"date":"2022-10-05T12:30:04","date_gmt":"2022-10-05T10:30:04","guid":{"rendered":"https:\/\/cartium.eu\/cz\/?post_type=product&#038;p=6104"},"modified":"2023-01-05T13:18:25","modified_gmt":"2023-01-05T12:18:25","slug":"sametove-termo-ponozky-4-pary-termax","status":"publish","type":"product","link":"https:\/\/cartium.eu\/cz\/produkt\/sametove-termo-ponozky-4-pary-termax\/","title":{"rendered":"Sametov\u00e9 termo pono\u017eky &#8211; 4 p\u00e1ry &#8211; Termax"},"content":{"rendered":"","protected":false},"excerpt":{"rendered":"<p><span class=\"Y2IQFc\" lang=\"cs\">Ide\u00e1ln\u00ed za\u0159\u00edzen\u00ed pro vytv\u00e1\u0159en\u00ed jedine\u010dn\u00fdch a kr\u00e1sn\u00fdch su\u0161enek na ve\u010d\u00edrky nebo jakoukoli jinou p\u0159\u00edle\u017eitost.<\/span><\/p>\n","protected":false},"featured_media":6110,"comment_status":"closed","ping_status":"closed","template":"","meta":{"inline_featured_image":false},"product_brand":[],"product_cat":[15,28,26],"product_tag":[],"class_list":{"0":"post-6104","1":"product","2":"type-product","3":"status-publish","4":"has-post-thumbnail","6":"product_cat-uncategorized","7":"product_cat-beauty","8":"product_cat-health","10":"first","11":"instock","12":"sale","13":"taxable","14":"shipping-taxable","15":"purchasable","16":"product-type-simple"},"acf":[],"_links":{"self":[{"href":"https:\/\/cartium.eu\/cz\/wp-json\/wp\/v2\/product\/6104","targetHints":{"allow":["GET"]}}],"collection":[{"href":"https:\/\/cartium.eu\/cz\/wp-json\/wp\/v2\/product"}],"about":[{"href":"https:\/\/cartium.eu\/cz\/wp-json\/wp\/v2\/types\/product"}],"replies":[{"embeddable":true,"href":"https:\/\/cartium.eu\/cz\/wp-json\/wp\/v2\/comments?post=6104"}],"wp:featuredmedia":[{"embeddable":true,"href":"https:\/\/cartium.eu\/cz\/wp-json\/wp\/v2\/media\/6110"}],"wp:attachment":[{"href":"https:\/\/cartium.eu\/cz\/wp-json\/wp\/v2\/media?parent=6104"}],"wp:term":[{"taxonomy":"product_brand","embeddable":true,"href":"https:\/\/cartium.eu\/cz\/wp-json\/wp\/v2\/product_brand?post=6104"},{"taxonomy":"product_cat","embeddable":true,"href":"https:\/\/cartium.eu\/cz\/wp-json\/wp\/v2\/product_cat?post=6104"},{"taxonomy":"product_tag","embeddable":true,"href":"https:\/\/cartium.eu\/cz\/wp-json\/wp\/v2\/product_tag?post=6104"}],"curies":[{"name":"wp","href":"https:\/\/api.w.org\/{rel}","templated":true}]}}