{"id":6153,"date":"2022-10-07T11:05:13","date_gmt":"2022-10-07T09:05:13","guid":{"rendered":"https:\/\/cartium.eu\/cz\/?post_type=product&#038;p=6153"},"modified":"2024-08-21T13:28:08","modified_gmt":"2024-08-21T11:28:08","slug":"akumulatorovy-rucni-vysavac","status":"publish","type":"product","link":"https:\/\/cartium.eu\/cz\/produkt\/akumulatorovy-rucni-vysavac\/","title":{"rendered":"Akumul\u00e1torov\u00fd  ru\u010dn\u00ed vysava\u010d"},"content":{"rendered":"","protected":false},"excerpt":{"rendered":"<p>Lehk\u00fd ru\u010dn\u00ed vysava\u010d se siln\u00fdm sac\u00edm v\u00fdkonem je ide\u00e1ln\u00edm pomocn\u00edkem v ka\u017ed\u00e9 dom\u00e1cnosti, na pracovi\u0161ti nebo v aut\u011b. Zbavte se \u0161p\u00edny v n\u011bkolika kroc\u00edch s t\u00edmto vynikaj\u00edc\u00edm vysava\u010dem.<\/p>\n","protected":false},"featured_media":6159,"comment_status":"closed","ping_status":"closed","template":"","meta":{"inline_featured_image":false},"product_brand":[],"product_cat":[15,27],"product_tag":[],"class_list":{"0":"post-6153","1":"product","2":"type-product","3":"status-publish","4":"has-post-thumbnail","6":"product_cat-uncategorized","7":"product_cat-home","9":"first","10":"instock","11":"sale","12":"taxable","13":"shipping-taxable","14":"purchasable","15":"product-type-simple"},"acf":[],"_links":{"self":[{"href":"https:\/\/cartium.eu\/cz\/wp-json\/wp\/v2\/product\/6153","targetHints":{"allow":["GET"]}}],"collection":[{"href":"https:\/\/cartium.eu\/cz\/wp-json\/wp\/v2\/product"}],"about":[{"href":"https:\/\/cartium.eu\/cz\/wp-json\/wp\/v2\/types\/product"}],"replies":[{"embeddable":true,"href":"https:\/\/cartium.eu\/cz\/wp-json\/wp\/v2\/comments?post=6153"}],"wp:featuredmedia":[{"embeddable":true,"href":"https:\/\/cartium.eu\/cz\/wp-json\/wp\/v2\/media\/6159"}],"wp:attachment":[{"href":"https:\/\/cartium.eu\/cz\/wp-json\/wp\/v2\/media?parent=6153"}],"wp:term":[{"taxonomy":"product_brand","embeddable":true,"href":"https:\/\/cartium.eu\/cz\/wp-json\/wp\/v2\/product_brand?post=6153"},{"taxonomy":"product_cat","embeddable":true,"href":"https:\/\/cartium.eu\/cz\/wp-json\/wp\/v2\/product_cat?post=6153"},{"taxonomy":"product_tag","embeddable":true,"href":"https:\/\/cartium.eu\/cz\/wp-json\/wp\/v2\/product_tag?post=6153"}],"curies":[{"name":"wp","href":"https:\/\/api.w.org\/{rel}","templated":true}]}}