{"id":6405,"date":"2022-10-17T14:22:45","date_gmt":"2022-10-17T12:22:45","guid":{"rendered":"https:\/\/cartium.eu\/cz\/?post_type=product&#038;p=6405"},"modified":"2022-10-18T08:19:29","modified_gmt":"2022-10-18T06:19:29","slug":"holograficky-projektor","status":"publish","type":"product","link":"https:\/\/cartium.eu\/cz\/produkt\/holograficky-projektor\/","title":{"rendered":"Holografick\u00fd projektor"},"content":{"rendered":"","protected":false},"excerpt":{"rendered":"<p>Posu\u0148te zdoben\u00ed sv\u00e9ho pr\u00e1zdninov\u00e9ho domu na dal\u0161\u00ed \u00farove\u0148. D\u00edky 12 r\u016fzn\u00fdm projekc\u00edm budou tyto pr\u00e1zdniny nezapomenuteln\u00e9. Ud\u011blejte ze sv\u00e9ho domu ten nejd\u011bsiv\u011bj\u0161\u00ed na Halloween a nej\u0161\u0165astn\u011bj\u0161\u00ed na V\u00e1noce.<\/p>\n<p>&nbsp;<\/p>\n","protected":false},"featured_media":6406,"comment_status":"closed","ping_status":"closed","template":"","meta":{"inline_featured_image":false},"product_brand":[],"product_cat":[15],"product_tag":[],"class_list":{"0":"post-6405","1":"product","2":"type-product","3":"status-publish","4":"has-post-thumbnail","6":"product_cat-uncategorized","8":"first","9":"instock","10":"sale","11":"taxable","12":"shipping-taxable","13":"purchasable","14":"product-type-simple"},"acf":[],"_links":{"self":[{"href":"https:\/\/cartium.eu\/cz\/wp-json\/wp\/v2\/product\/6405","targetHints":{"allow":["GET"]}}],"collection":[{"href":"https:\/\/cartium.eu\/cz\/wp-json\/wp\/v2\/product"}],"about":[{"href":"https:\/\/cartium.eu\/cz\/wp-json\/wp\/v2\/types\/product"}],"replies":[{"embeddable":true,"href":"https:\/\/cartium.eu\/cz\/wp-json\/wp\/v2\/comments?post=6405"}],"wp:featuredmedia":[{"embeddable":true,"href":"https:\/\/cartium.eu\/cz\/wp-json\/wp\/v2\/media\/6406"}],"wp:attachment":[{"href":"https:\/\/cartium.eu\/cz\/wp-json\/wp\/v2\/media?parent=6405"}],"wp:term":[{"taxonomy":"product_brand","embeddable":true,"href":"https:\/\/cartium.eu\/cz\/wp-json\/wp\/v2\/product_brand?post=6405"},{"taxonomy":"product_cat","embeddable":true,"href":"https:\/\/cartium.eu\/cz\/wp-json\/wp\/v2\/product_cat?post=6405"},{"taxonomy":"product_tag","embeddable":true,"href":"https:\/\/cartium.eu\/cz\/wp-json\/wp\/v2\/product_tag?post=6405"}],"curies":[{"name":"wp","href":"https:\/\/api.w.org\/{rel}","templated":true}]}}