{"id":6411,"date":"2022-10-17T15:02:38","date_gmt":"2022-10-17T13:02:38","guid":{"rendered":"https:\/\/cartium.eu\/cz\/?post_type=product&#038;p=6411"},"modified":"2022-10-17T15:08:21","modified_gmt":"2022-10-17T13:08:21","slug":"kouzelna-vodni-omalovanka","status":"publish","type":"product","link":"https:\/\/cartium.eu\/cz\/produkt\/kouzelna-vodni-omalovanka\/","title":{"rendered":"Kouzeln\u00e1 vodn\u00ed omalov\u00e1nka"},"content":{"rendered":"","protected":false},"excerpt":{"rendered":"<p>Z\u00e1bavn\u00e9 kouzeln\u00e9 vodn\u00ed omalov\u00e1nky jsou neobvykl\u00fdm a z\u00e1bavn\u00fdm zp\u016fsobem, jak si procvi\u010dit spr\u00e1vn\u00e9 vybarvov\u00e1n\u00ed, obkreslov\u00e1n\u00ed \u010dar a z\u00e1bavy.<\/p>\n<p>Tyto omalov\u00e1nky jsou opakovan\u011b pou\u017eiteln\u00e9 a zcela zaj\u00edmav\u00e9.<\/p>\n<p>&nbsp;<\/p>\n","protected":false},"featured_media":6416,"comment_status":"closed","ping_status":"closed","template":"","meta":{"inline_featured_image":false},"product_brand":[],"product_cat":[15],"product_tag":[],"class_list":{"0":"post-6411","1":"product","2":"type-product","3":"status-publish","4":"has-post-thumbnail","6":"product_cat-uncategorized","8":"first","9":"instock","10":"sale","11":"taxable","12":"shipping-taxable","13":"purchasable","14":"product-type-variable"},"acf":[],"_links":{"self":[{"href":"https:\/\/cartium.eu\/cz\/wp-json\/wp\/v2\/product\/6411","targetHints":{"allow":["GET"]}}],"collection":[{"href":"https:\/\/cartium.eu\/cz\/wp-json\/wp\/v2\/product"}],"about":[{"href":"https:\/\/cartium.eu\/cz\/wp-json\/wp\/v2\/types\/product"}],"replies":[{"embeddable":true,"href":"https:\/\/cartium.eu\/cz\/wp-json\/wp\/v2\/comments?post=6411"}],"wp:featuredmedia":[{"embeddable":true,"href":"https:\/\/cartium.eu\/cz\/wp-json\/wp\/v2\/media\/6416"}],"wp:attachment":[{"href":"https:\/\/cartium.eu\/cz\/wp-json\/wp\/v2\/media?parent=6411"}],"wp:term":[{"taxonomy":"product_brand","embeddable":true,"href":"https:\/\/cartium.eu\/cz\/wp-json\/wp\/v2\/product_brand?post=6411"},{"taxonomy":"product_cat","embeddable":true,"href":"https:\/\/cartium.eu\/cz\/wp-json\/wp\/v2\/product_cat?post=6411"},{"taxonomy":"product_tag","embeddable":true,"href":"https:\/\/cartium.eu\/cz\/wp-json\/wp\/v2\/product_tag?post=6411"}],"curies":[{"name":"wp","href":"https:\/\/api.w.org\/{rel}","templated":true}]}}