{"id":6638,"date":"2022-10-27T10:17:24","date_gmt":"2022-10-27T08:17:24","guid":{"rendered":"https:\/\/cartium.eu\/cz\/?post_type=product&#038;p=6638"},"modified":"2022-10-27T10:20:39","modified_gmt":"2022-10-27T08:20:39","slug":"diy-sada-na-vyrobu-naramku","status":"publish","type":"product","link":"https:\/\/cartium.eu\/cz\/produkt\/diy-sada-na-vyrobu-naramku\/","title":{"rendered":"DIY sada na v\u00fdrobu n\u00e1ramk\u016f"},"content":{"rendered":"","protected":false},"excerpt":{"rendered":"<p>Vyj\u00e1d\u0159ete svou kreativitu a vyrobte si jedine\u010dn\u00e9 n\u00e1ramky. V t\u00e9to sad\u011b z\u00edsk\u00e1te v\u0161e, co pot\u0159ebujete k v\u00fdrob\u011b kr\u00e1sn\u00fdch \u0161perk\u016f.<\/p>\n","protected":false},"featured_media":6643,"comment_status":"closed","ping_status":"closed","template":"","meta":{"inline_featured_image":false},"product_brand":[],"product_cat":[15],"product_tag":[],"class_list":{"0":"post-6638","1":"product","2":"type-product","3":"status-publish","4":"has-post-thumbnail","6":"product_cat-uncategorized","8":"first","9":"instock","10":"sale","11":"taxable","12":"shipping-taxable","13":"purchasable","14":"product-type-simple"},"acf":[],"_links":{"self":[{"href":"https:\/\/cartium.eu\/cz\/wp-json\/wp\/v2\/product\/6638","targetHints":{"allow":["GET"]}}],"collection":[{"href":"https:\/\/cartium.eu\/cz\/wp-json\/wp\/v2\/product"}],"about":[{"href":"https:\/\/cartium.eu\/cz\/wp-json\/wp\/v2\/types\/product"}],"replies":[{"embeddable":true,"href":"https:\/\/cartium.eu\/cz\/wp-json\/wp\/v2\/comments?post=6638"}],"wp:featuredmedia":[{"embeddable":true,"href":"https:\/\/cartium.eu\/cz\/wp-json\/wp\/v2\/media\/6643"}],"wp:attachment":[{"href":"https:\/\/cartium.eu\/cz\/wp-json\/wp\/v2\/media?parent=6638"}],"wp:term":[{"taxonomy":"product_brand","embeddable":true,"href":"https:\/\/cartium.eu\/cz\/wp-json\/wp\/v2\/product_brand?post=6638"},{"taxonomy":"product_cat","embeddable":true,"href":"https:\/\/cartium.eu\/cz\/wp-json\/wp\/v2\/product_cat?post=6638"},{"taxonomy":"product_tag","embeddable":true,"href":"https:\/\/cartium.eu\/cz\/wp-json\/wp\/v2\/product_tag?post=6638"}],"curies":[{"name":"wp","href":"https:\/\/api.w.org\/{rel}","templated":true}]}}