{"id":730,"date":"2020-12-25T12:06:17","date_gmt":"2020-12-25T11:06:17","guid":{"rendered":"https:\/\/shopium.eu\/cz\/?post_type=product&#038;p=730"},"modified":"2021-10-05T14:46:33","modified_gmt":"2021-10-05T12:46:33","slug":"tekuta-izolacni-paska-liquidtape","status":"publish","type":"product","link":"https:\/\/cartium.eu\/cz\/produkt\/tekuta-izolacni-paska-liquidtape\/","title":{"rendered":"Tekut\u00e1 izola\u010dn\u00ed p\u00e1ska \u2013 LiquidTape"},"content":{"rendered":"<p>Dokonal\u00e9 \u0159e\u0161en\u00ed pro izolaci v\u0161ech elektrick\u00fdch p\u0159\u00edpojek s touto ultra praktickou a bezpe\u010dnou izola\u010dn\u00ed kapalinou zajist\u00ed, \u017ee v\u0161echna p\u0159ipojen\u00ed budou zcela bezpe\u010dn\u00e1, ani\u017e by do\u0161lo k p\u00e1du jako u klasick\u00fdch izola\u010dn\u00edch p\u00e1sek.<\/p>\n","protected":false},"excerpt":{"rendered":"<p>Dokonal\u00e9 \u0159e\u0161en\u00ed pro izolaci v\u0161ech elektrick\u00fdch p\u0159\u00edpojek s touto ultra praktickou a bezpe\u010dnou izola\u010dn\u00ed kapalinou zajist\u00ed, \u017ee v\u0161echna p\u0159ipojen\u00ed budou zcela bezpe\u010dn\u00e1, ani\u017e by do\u0161lo k p\u00e1du jako u klasick\u00fdch izola\u010dn\u00edch p\u00e1sek.<\/p>\n","protected":false},"featured_media":719,"comment_status":"closed","ping_status":"closed","template":"","meta":{"inline_featured_image":false},"product_brand":[],"product_cat":[15,27,24],"product_tag":[],"class_list":{"0":"post-730","1":"product","2":"type-product","3":"status-publish","4":"has-post-thumbnail","6":"product_cat-uncategorized","7":"product_cat-home","8":"product_cat-sale","10":"first","11":"instock","12":"sale","13":"taxable","14":"shipping-taxable","15":"purchasable","16":"product-type-simple"},"acf":[],"_links":{"self":[{"href":"https:\/\/cartium.eu\/cz\/wp-json\/wp\/v2\/product\/730","targetHints":{"allow":["GET"]}}],"collection":[{"href":"https:\/\/cartium.eu\/cz\/wp-json\/wp\/v2\/product"}],"about":[{"href":"https:\/\/cartium.eu\/cz\/wp-json\/wp\/v2\/types\/product"}],"replies":[{"embeddable":true,"href":"https:\/\/cartium.eu\/cz\/wp-json\/wp\/v2\/comments?post=730"}],"wp:featuredmedia":[{"embeddable":true,"href":"https:\/\/cartium.eu\/cz\/wp-json\/wp\/v2\/media\/719"}],"wp:attachment":[{"href":"https:\/\/cartium.eu\/cz\/wp-json\/wp\/v2\/media?parent=730"}],"wp:term":[{"taxonomy":"product_brand","embeddable":true,"href":"https:\/\/cartium.eu\/cz\/wp-json\/wp\/v2\/product_brand?post=730"},{"taxonomy":"product_cat","embeddable":true,"href":"https:\/\/cartium.eu\/cz\/wp-json\/wp\/v2\/product_cat?post=730"},{"taxonomy":"product_tag","embeddable":true,"href":"https:\/\/cartium.eu\/cz\/wp-json\/wp\/v2\/product_tag?post=730"}],"curies":[{"name":"wp","href":"https:\/\/api.w.org\/{rel}","templated":true}]}}