{"id":7727,"date":"2022-11-24T08:37:48","date_gmt":"2022-11-24T07:37:48","guid":{"rendered":"https:\/\/cartium.eu\/cz\/?post_type=product&#038;p=7727"},"modified":"2023-05-11T12:08:36","modified_gmt":"2023-05-11T10:08:36","slug":"11-zdarma-led-svetelna-dekorace-na-dalkove-ovladani-ledlight","status":"publish","type":"product","link":"https:\/\/cartium.eu\/cz\/produkt\/11-zdarma-led-svetelna-dekorace-na-dalkove-ovladani-ledlight\/","title":{"rendered":"1+1 ZDARMA LED sv\u011bteln\u00e1 dekorace na d\u00e1lkov\u00e9 ovl\u00e1d\u00e1n\u00ed &#8211; Ledlight"},"content":{"rendered":"","protected":false},"excerpt":{"rendered":"<p>Dokonal\u00e1 dekorativn\u00ed LED sv\u011btla na d\u00e1lkov\u00e9 ovl\u00e1d\u00e1n\u00ed p\u0159es chytr\u00e9 telefony vytvo\u0159\u00ed dokonalou atmosf\u00e9ru b\u011bhem sv\u00e1tk\u016f, Nov\u00e9ho roku a V\u00e1noc, kvalitn\u00ed s efektem barevn\u00fdch variac\u00ed vytvo\u0159\u00ed nev\u0161edn\u00ed atmosf\u00e9ru a pohodl\u00ed.<\/p>\n","protected":false},"featured_media":11723,"comment_status":"closed","ping_status":"closed","template":"","meta":{"inline_featured_image":false},"product_brand":[],"product_cat":[15,27,24],"product_tag":[],"class_list":{"0":"post-7727","1":"product","2":"type-product","3":"status-publish","4":"has-post-thumbnail","6":"product_cat-uncategorized","7":"product_cat-home","8":"product_cat-sale","10":"first","11":"instock","12":"sale","13":"taxable","14":"shipping-taxable","15":"purchasable","16":"product-type-simple"},"acf":[],"_links":{"self":[{"href":"https:\/\/cartium.eu\/cz\/wp-json\/wp\/v2\/product\/7727","targetHints":{"allow":["GET"]}}],"collection":[{"href":"https:\/\/cartium.eu\/cz\/wp-json\/wp\/v2\/product"}],"about":[{"href":"https:\/\/cartium.eu\/cz\/wp-json\/wp\/v2\/types\/product"}],"replies":[{"embeddable":true,"href":"https:\/\/cartium.eu\/cz\/wp-json\/wp\/v2\/comments?post=7727"}],"wp:featuredmedia":[{"embeddable":true,"href":"https:\/\/cartium.eu\/cz\/wp-json\/wp\/v2\/media\/11723"}],"wp:attachment":[{"href":"https:\/\/cartium.eu\/cz\/wp-json\/wp\/v2\/media?parent=7727"}],"wp:term":[{"taxonomy":"product_brand","embeddable":true,"href":"https:\/\/cartium.eu\/cz\/wp-json\/wp\/v2\/product_brand?post=7727"},{"taxonomy":"product_cat","embeddable":true,"href":"https:\/\/cartium.eu\/cz\/wp-json\/wp\/v2\/product_cat?post=7727"},{"taxonomy":"product_tag","embeddable":true,"href":"https:\/\/cartium.eu\/cz\/wp-json\/wp\/v2\/product_tag?post=7727"}],"curies":[{"name":"wp","href":"https:\/\/api.w.org\/{rel}","templated":true}]}}