{"id":8653,"date":"2022-12-29T14:22:55","date_gmt":"2022-12-29T13:22:55","guid":{"rendered":"https:\/\/cartium.eu\/cz\/?post_type=product&#038;p=8653"},"modified":"2022-12-29T14:29:57","modified_gmt":"2022-12-29T13:29:57","slug":"podprsenka-s-oporou-zad-a-zivutkem","status":"publish","type":"product","link":"https:\/\/cartium.eu\/cz\/produkt\/podprsenka-s-oporou-zad-a-zivutkem\/","title":{"rendered":"Podprsenka s oporou zad a \u017eiv\u016ftkem"},"content":{"rendered":"","protected":false},"excerpt":{"rendered":"<p>Fantastick\u00e1 podprsenka s trojit\u00fdm efektem v\u00e1m poskytne oporu pro va\u0161e prsa, oprav\u00ed dr\u017een\u00ed t\u011bla a z\u00fa\u017e\u00ed pas. Maxim\u00e1ln\u00ed efekt s \u00fapln\u00fdm komfortem no\u0161en\u00ed.<\/p>\n","protected":false},"featured_media":8666,"comment_status":"closed","ping_status":"closed","template":"","meta":{"inline_featured_image":false},"product_brand":[],"product_cat":[15],"product_tag":[],"class_list":{"0":"post-8653","1":"product","2":"type-product","3":"status-publish","4":"has-post-thumbnail","6":"product_cat-uncategorized","8":"first","9":"instock","10":"sale","11":"taxable","12":"shipping-taxable","13":"purchasable","14":"product-type-variable"},"acf":[],"_links":{"self":[{"href":"https:\/\/cartium.eu\/cz\/wp-json\/wp\/v2\/product\/8653","targetHints":{"allow":["GET"]}}],"collection":[{"href":"https:\/\/cartium.eu\/cz\/wp-json\/wp\/v2\/product"}],"about":[{"href":"https:\/\/cartium.eu\/cz\/wp-json\/wp\/v2\/types\/product"}],"replies":[{"embeddable":true,"href":"https:\/\/cartium.eu\/cz\/wp-json\/wp\/v2\/comments?post=8653"}],"wp:featuredmedia":[{"embeddable":true,"href":"https:\/\/cartium.eu\/cz\/wp-json\/wp\/v2\/media\/8666"}],"wp:attachment":[{"href":"https:\/\/cartium.eu\/cz\/wp-json\/wp\/v2\/media?parent=8653"}],"wp:term":[{"taxonomy":"product_brand","embeddable":true,"href":"https:\/\/cartium.eu\/cz\/wp-json\/wp\/v2\/product_brand?post=8653"},{"taxonomy":"product_cat","embeddable":true,"href":"https:\/\/cartium.eu\/cz\/wp-json\/wp\/v2\/product_cat?post=8653"},{"taxonomy":"product_tag","embeddable":true,"href":"https:\/\/cartium.eu\/cz\/wp-json\/wp\/v2\/product_tag?post=8653"}],"curies":[{"name":"wp","href":"https:\/\/api.w.org\/{rel}","templated":true}]}}