{"id":8675,"date":"2022-12-29T15:12:12","date_gmt":"2022-12-29T14:12:12","guid":{"rendered":"https:\/\/cartium.eu\/cz\/?post_type=product&#038;p=8675"},"modified":"2023-02-28T11:45:51","modified_gmt":"2023-02-28T10:45:51","slug":"dynamicky-led-pasek-do-auta","status":"publish","type":"product","link":"https:\/\/cartium.eu\/cz\/produkt\/dynamicky-led-pasek-do-auta\/","title":{"rendered":"Dynamick\u00fd LED p\u00e1sek do auta"},"content":{"rendered":"","protected":false},"excerpt":{"rendered":"<p>Dynamick\u00fd LED p\u00e1sek pozvedne vzhled va\u0161eho vozu na vy\u0161\u0161\u00ed \u00farove\u0148. Jednoduch\u00e1 a snadn\u00e1 mont\u00e1\u017e, univerz\u00e1ln\u00ed pro v\u0161echny vozy.<\/p>\n<p>&nbsp;<\/p>\n<p>&nbsp;<\/p>\n","protected":false},"featured_media":8680,"comment_status":"closed","ping_status":"closed","template":"","meta":{"inline_featured_image":false},"product_brand":[],"product_cat":[15],"product_tag":[],"class_list":{"0":"post-8675","1":"product","2":"type-product","3":"status-publish","4":"has-post-thumbnail","6":"product_cat-uncategorized","8":"first","9":"instock","10":"sale","11":"taxable","12":"shipping-taxable","13":"purchasable","14":"product-type-simple"},"acf":[],"_links":{"self":[{"href":"https:\/\/cartium.eu\/cz\/wp-json\/wp\/v2\/product\/8675","targetHints":{"allow":["GET"]}}],"collection":[{"href":"https:\/\/cartium.eu\/cz\/wp-json\/wp\/v2\/product"}],"about":[{"href":"https:\/\/cartium.eu\/cz\/wp-json\/wp\/v2\/types\/product"}],"replies":[{"embeddable":true,"href":"https:\/\/cartium.eu\/cz\/wp-json\/wp\/v2\/comments?post=8675"}],"wp:featuredmedia":[{"embeddable":true,"href":"https:\/\/cartium.eu\/cz\/wp-json\/wp\/v2\/media\/8680"}],"wp:attachment":[{"href":"https:\/\/cartium.eu\/cz\/wp-json\/wp\/v2\/media?parent=8675"}],"wp:term":[{"taxonomy":"product_brand","embeddable":true,"href":"https:\/\/cartium.eu\/cz\/wp-json\/wp\/v2\/product_brand?post=8675"},{"taxonomy":"product_cat","embeddable":true,"href":"https:\/\/cartium.eu\/cz\/wp-json\/wp\/v2\/product_cat?post=8675"},{"taxonomy":"product_tag","embeddable":true,"href":"https:\/\/cartium.eu\/cz\/wp-json\/wp\/v2\/product_tag?post=8675"}],"curies":[{"name":"wp","href":"https:\/\/api.w.org\/{rel}","templated":true}]}}