{"id":9188,"date":"2023-01-26T10:41:21","date_gmt":"2023-01-26T09:41:21","guid":{"rendered":"https:\/\/cartium.eu\/cz\/?post_type=product&#038;p=9188"},"modified":"2023-01-30T09:25:39","modified_gmt":"2023-01-30T08:25:39","slug":"vzdelavaci-hracka-dreveny-vozik-s-cisly","status":"publish","type":"product","link":"https:\/\/cartium.eu\/cz\/produkt\/vzdelavaci-hracka-dreveny-vozik-s-cisly\/","title":{"rendered":"Vzd\u011bl\u00e1vac\u00ed hra\u010dka-d\u0159ev\u011bn\u00fd voz\u00edk s \u010d\u00edsly"},"content":{"rendered":"","protected":false},"excerpt":{"rendered":"<p><strong>\u00a0<\/strong><\/p>\n<p>Hra\u010dka pro ran\u00e9 u\u010den\u00ed \u010d\u00edsel, tvar\u016f a barev. Procvi\u010dov\u00e1n\u00ed praktick\u00fdch a rozumov\u00fdch schopnost\u00ed a rozv\u00edjen\u00ed kreativity.<\/p>\n<p>&nbsp;<\/p>\n<p>&nbsp;<\/p>\n","protected":false},"featured_media":9193,"comment_status":"closed","ping_status":"closed","template":"","meta":{"inline_featured_image":false},"product_brand":[],"product_cat":[15],"product_tag":[],"class_list":{"0":"post-9188","1":"product","2":"type-product","3":"status-publish","4":"has-post-thumbnail","6":"product_cat-uncategorized","8":"first","9":"instock","10":"sale","11":"taxable","12":"shipping-taxable","13":"purchasable","14":"product-type-simple"},"acf":[],"_links":{"self":[{"href":"https:\/\/cartium.eu\/cz\/wp-json\/wp\/v2\/product\/9188","targetHints":{"allow":["GET"]}}],"collection":[{"href":"https:\/\/cartium.eu\/cz\/wp-json\/wp\/v2\/product"}],"about":[{"href":"https:\/\/cartium.eu\/cz\/wp-json\/wp\/v2\/types\/product"}],"replies":[{"embeddable":true,"href":"https:\/\/cartium.eu\/cz\/wp-json\/wp\/v2\/comments?post=9188"}],"wp:featuredmedia":[{"embeddable":true,"href":"https:\/\/cartium.eu\/cz\/wp-json\/wp\/v2\/media\/9193"}],"wp:attachment":[{"href":"https:\/\/cartium.eu\/cz\/wp-json\/wp\/v2\/media?parent=9188"}],"wp:term":[{"taxonomy":"product_brand","embeddable":true,"href":"https:\/\/cartium.eu\/cz\/wp-json\/wp\/v2\/product_brand?post=9188"},{"taxonomy":"product_cat","embeddable":true,"href":"https:\/\/cartium.eu\/cz\/wp-json\/wp\/v2\/product_cat?post=9188"},{"taxonomy":"product_tag","embeddable":true,"href":"https:\/\/cartium.eu\/cz\/wp-json\/wp\/v2\/product_tag?post=9188"}],"curies":[{"name":"wp","href":"https:\/\/api.w.org\/{rel}","templated":true}]}}