{"id":9199,"date":"2023-01-26T11:14:41","date_gmt":"2023-01-26T10:14:41","guid":{"rendered":"https:\/\/cartium.eu\/cz\/?post_type=product&#038;p=9199"},"modified":"2023-01-30T09:25:32","modified_gmt":"2023-01-30T08:25:32","slug":"tepla-obuv-pro-miminka-a-deti","status":"publish","type":"product","link":"https:\/\/cartium.eu\/cz\/produkt\/tepla-obuv-pro-miminka-a-deti\/","title":{"rendered":"Tepl\u00e1 obuv pro miminka a d\u011bti"},"content":{"rendered":"","protected":false},"excerpt":{"rendered":"<p>Pohodln\u00e9 a m\u011bkk\u00e9 boti\u010dky pro miminka a d\u011bti poskytnou mal\u00fdm no\u017ei\u010dk\u00e1m maxim\u00e1ln\u00ed pohodl\u00ed a teplo. \u0160pi\u010dkov\u00e9 materi\u00e1ly a kr\u00e1sn\u00fd vzhled dopln\u00ed ka\u017edou kombinaci.<\/p>\n<p>&nbsp;<\/p>\n<p>&nbsp;<\/p>\n<p>&nbsp;<\/p>\n","protected":false},"featured_media":9206,"comment_status":"closed","ping_status":"closed","template":"","meta":{"inline_featured_image":false},"product_brand":[],"product_cat":[15],"product_tag":[],"class_list":{"0":"post-9199","1":"product","2":"type-product","3":"status-publish","4":"has-post-thumbnail","6":"product_cat-uncategorized","8":"first","9":"instock","10":"sale","11":"taxable","12":"shipping-taxable","13":"purchasable","14":"product-type-simple"},"acf":[],"_links":{"self":[{"href":"https:\/\/cartium.eu\/cz\/wp-json\/wp\/v2\/product\/9199","targetHints":{"allow":["GET"]}}],"collection":[{"href":"https:\/\/cartium.eu\/cz\/wp-json\/wp\/v2\/product"}],"about":[{"href":"https:\/\/cartium.eu\/cz\/wp-json\/wp\/v2\/types\/product"}],"replies":[{"embeddable":true,"href":"https:\/\/cartium.eu\/cz\/wp-json\/wp\/v2\/comments?post=9199"}],"wp:featuredmedia":[{"embeddable":true,"href":"https:\/\/cartium.eu\/cz\/wp-json\/wp\/v2\/media\/9206"}],"wp:attachment":[{"href":"https:\/\/cartium.eu\/cz\/wp-json\/wp\/v2\/media?parent=9199"}],"wp:term":[{"taxonomy":"product_brand","embeddable":true,"href":"https:\/\/cartium.eu\/cz\/wp-json\/wp\/v2\/product_brand?post=9199"},{"taxonomy":"product_cat","embeddable":true,"href":"https:\/\/cartium.eu\/cz\/wp-json\/wp\/v2\/product_cat?post=9199"},{"taxonomy":"product_tag","embeddable":true,"href":"https:\/\/cartium.eu\/cz\/wp-json\/wp\/v2\/product_tag?post=9199"}],"curies":[{"name":"wp","href":"https:\/\/api.w.org\/{rel}","templated":true}]}}