{"id":9214,"date":"2023-01-26T12:39:04","date_gmt":"2023-01-26T11:39:04","guid":{"rendered":"https:\/\/cartium.eu\/cz\/?post_type=product&#038;p=9214"},"modified":"2023-02-06T11:40:45","modified_gmt":"2023-02-06T10:40:45","slug":"externi-pevny-disk","status":"publish","type":"product","link":"https:\/\/cartium.eu\/cz\/produkt\/externi-pevny-disk\/","title":{"rendered":"Extern\u00ed pevn\u00fd disk"},"content":{"rendered":"","protected":false},"excerpt":{"rendered":"<p>Typ C extern\u00ed pevn\u00fd disk SSD je ide\u00e1ln\u00edm \u0159e\u0161en\u00edm pro ukl\u00e1d\u00e1n\u00ed dat. \u0160pi\u010dkov\u00fd design a produkt \u0161etrn\u00fd k\u00a0\u017eivotn\u00edmu prost\u0159ed\u00ed.<\/p>\n<p>&nbsp;<\/p>\n<p>&nbsp;<\/p>\n<p>&nbsp;<\/p>\n<p>&nbsp;<\/p>\n","protected":false},"featured_media":9220,"comment_status":"closed","ping_status":"closed","template":"","meta":{"inline_featured_image":false},"product_brand":[],"product_cat":[15],"product_tag":[],"class_list":{"0":"post-9214","1":"product","2":"type-product","3":"status-publish","4":"has-post-thumbnail","6":"product_cat-uncategorized","8":"first","9":"instock","10":"sale","11":"taxable","12":"shipping-taxable","13":"purchasable","14":"product-type-simple"},"acf":[],"_links":{"self":[{"href":"https:\/\/cartium.eu\/cz\/wp-json\/wp\/v2\/product\/9214","targetHints":{"allow":["GET"]}}],"collection":[{"href":"https:\/\/cartium.eu\/cz\/wp-json\/wp\/v2\/product"}],"about":[{"href":"https:\/\/cartium.eu\/cz\/wp-json\/wp\/v2\/types\/product"}],"replies":[{"embeddable":true,"href":"https:\/\/cartium.eu\/cz\/wp-json\/wp\/v2\/comments?post=9214"}],"wp:featuredmedia":[{"embeddable":true,"href":"https:\/\/cartium.eu\/cz\/wp-json\/wp\/v2\/media\/9220"}],"wp:attachment":[{"href":"https:\/\/cartium.eu\/cz\/wp-json\/wp\/v2\/media?parent=9214"}],"wp:term":[{"taxonomy":"product_brand","embeddable":true,"href":"https:\/\/cartium.eu\/cz\/wp-json\/wp\/v2\/product_brand?post=9214"},{"taxonomy":"product_cat","embeddable":true,"href":"https:\/\/cartium.eu\/cz\/wp-json\/wp\/v2\/product_cat?post=9214"},{"taxonomy":"product_tag","embeddable":true,"href":"https:\/\/cartium.eu\/cz\/wp-json\/wp\/v2\/product_tag?post=9214"}],"curies":[{"name":"wp","href":"https:\/\/api.w.org\/{rel}","templated":true}]}}