{"id":9305,"date":"2023-01-30T13:49:26","date_gmt":"2023-01-30T12:49:26","guid":{"rendered":"https:\/\/cartium.eu\/cz\/?post_type=product&#038;p=9305"},"modified":"2023-02-06T11:40:36","modified_gmt":"2023-02-06T10:40:36","slug":"inteligentni-digitalni-multimetr-proti-opareni","status":"publish","type":"product","link":"https:\/\/cartium.eu\/cz\/produkt\/inteligentni-digitalni-multimetr-proti-opareni\/","title":{"rendered":"Inteligentn\u00ed digit\u00e1ln\u00ed multimetr proti opa\u0159en\u00ed"},"content":{"rendered":"","protected":false},"excerpt":{"rendered":"<p>Voltmetr kompaktn\u00ed velikosti, ale fenomen\u00e1ln\u00ed v\u00fdkon v n\u011bkolika funkc\u00edch. Kontrola v\u00fdsledk\u016f p\u0159\u00edmo na m\u00edst\u011b.<\/p>\n<p>&nbsp;<\/p>\n<p>&nbsp;<\/p>\n<p>&nbsp;<\/p>\n","protected":false},"featured_media":9306,"comment_status":"closed","ping_status":"closed","template":"","meta":{"inline_featured_image":false},"product_brand":[],"product_cat":[15],"product_tag":[],"class_list":{"0":"post-9305","1":"product","2":"type-product","3":"status-publish","4":"has-post-thumbnail","6":"product_cat-uncategorized","8":"first","9":"instock","10":"sale","11":"taxable","12":"shipping-taxable","13":"purchasable","14":"product-type-simple"},"acf":[],"_links":{"self":[{"href":"https:\/\/cartium.eu\/cz\/wp-json\/wp\/v2\/product\/9305","targetHints":{"allow":["GET"]}}],"collection":[{"href":"https:\/\/cartium.eu\/cz\/wp-json\/wp\/v2\/product"}],"about":[{"href":"https:\/\/cartium.eu\/cz\/wp-json\/wp\/v2\/types\/product"}],"replies":[{"embeddable":true,"href":"https:\/\/cartium.eu\/cz\/wp-json\/wp\/v2\/comments?post=9305"}],"wp:featuredmedia":[{"embeddable":true,"href":"https:\/\/cartium.eu\/cz\/wp-json\/wp\/v2\/media\/9306"}],"wp:attachment":[{"href":"https:\/\/cartium.eu\/cz\/wp-json\/wp\/v2\/media?parent=9305"}],"wp:term":[{"taxonomy":"product_brand","embeddable":true,"href":"https:\/\/cartium.eu\/cz\/wp-json\/wp\/v2\/product_brand?post=9305"},{"taxonomy":"product_cat","embeddable":true,"href":"https:\/\/cartium.eu\/cz\/wp-json\/wp\/v2\/product_cat?post=9305"},{"taxonomy":"product_tag","embeddable":true,"href":"https:\/\/cartium.eu\/cz\/wp-json\/wp\/v2\/product_tag?post=9305"}],"curies":[{"name":"wp","href":"https:\/\/api.w.org\/{rel}","templated":true}]}}