{"id":9719,"date":"2023-02-24T11:45:00","date_gmt":"2023-02-24T10:45:00","guid":{"rendered":"https:\/\/cartium.eu\/cz\/?post_type=product&#038;p=9719"},"modified":"2023-12-11T08:34:39","modified_gmt":"2023-12-11T07:34:39","slug":"dynamicky-led-pasek-do-auta-2","status":"publish","type":"product","link":"https:\/\/cartium.eu\/cz\/produkt\/dynamicky-led-pasek-do-auta-2\/","title":{"rendered":"Dynamick\u00fd LED p\u00e1sek do auta"},"content":{"rendered":"","protected":false},"excerpt":{"rendered":"<p>Dynamick\u00fd LED p\u00e1sek pozvedne vzhled va\u0161eho auta na vy\u0161\u0161\u00ed \u00farove\u0148. Jednoduch\u00e1 a snadn\u00e1 mont\u00e1\u017e, univerz\u00e1ln\u00ed pro v\u0161echny auta.<\/p>\n","protected":false},"featured_media":9738,"comment_status":"closed","ping_status":"closed","template":"","meta":{"inline_featured_image":false},"product_brand":[],"product_cat":[15,25],"product_tag":[],"class_list":{"0":"post-9719","1":"product","2":"type-product","3":"status-publish","4":"has-post-thumbnail","6":"product_cat-uncategorized","7":"product_cat-car","9":"first","10":"instock","11":"sale","12":"taxable","13":"shipping-taxable","14":"purchasable","15":"product-type-simple"},"acf":[],"_links":{"self":[{"href":"https:\/\/cartium.eu\/cz\/wp-json\/wp\/v2\/product\/9719","targetHints":{"allow":["GET"]}}],"collection":[{"href":"https:\/\/cartium.eu\/cz\/wp-json\/wp\/v2\/product"}],"about":[{"href":"https:\/\/cartium.eu\/cz\/wp-json\/wp\/v2\/types\/product"}],"replies":[{"embeddable":true,"href":"https:\/\/cartium.eu\/cz\/wp-json\/wp\/v2\/comments?post=9719"}],"wp:featuredmedia":[{"embeddable":true,"href":"https:\/\/cartium.eu\/cz\/wp-json\/wp\/v2\/media\/9738"}],"wp:attachment":[{"href":"https:\/\/cartium.eu\/cz\/wp-json\/wp\/v2\/media?parent=9719"}],"wp:term":[{"taxonomy":"product_brand","embeddable":true,"href":"https:\/\/cartium.eu\/cz\/wp-json\/wp\/v2\/product_brand?post=9719"},{"taxonomy":"product_cat","embeddable":true,"href":"https:\/\/cartium.eu\/cz\/wp-json\/wp\/v2\/product_cat?post=9719"},{"taxonomy":"product_tag","embeddable":true,"href":"https:\/\/cartium.eu\/cz\/wp-json\/wp\/v2\/product_tag?post=9719"}],"curies":[{"name":"wp","href":"https:\/\/api.w.org\/{rel}","templated":true}]}}