{"id":9797,"date":"2023-02-28T12:34:59","date_gmt":"2023-02-28T11:34:59","guid":{"rendered":"https:\/\/cartium.eu\/cz\/?post_type=product&#038;p=9797"},"modified":"2023-05-05T15:21:51","modified_gmt":"2023-05-05T13:21:51","slug":"externi-pevny-disk-16tb","status":"publish","type":"product","link":"https:\/\/cartium.eu\/cz\/produkt\/externi-pevny-disk-16tb\/","title":{"rendered":"Extern\u00ed pevn\u00fd disk 16TB"},"content":{"rendered":"","protected":false},"excerpt":{"rendered":"<p>Typ C extern\u00ed pevn\u00fd disk SSD je ide\u00e1ln\u00edm \u0159e\u0161en\u00edm pro ukl\u00e1d\u00e1n\u00ed dat. \u0160pi\u010dkov\u00fd design a produkt \u0161etrn\u00fd k \u017eivotn\u00edmu prost\u0159ed\u00ed s 16TB kapacitou.<\/p>\n","protected":false},"featured_media":9810,"comment_status":"closed","ping_status":"closed","template":"","meta":{"inline_featured_image":false},"product_brand":[],"product_cat":[15,25,27],"product_tag":[],"class_list":{"0":"post-9797","1":"product","2":"type-product","3":"status-publish","4":"has-post-thumbnail","6":"product_cat-uncategorized","7":"product_cat-car","8":"product_cat-home","10":"first","11":"instock","12":"sale","13":"taxable","14":"shipping-taxable","15":"purchasable","16":"product-type-simple"},"acf":[],"_links":{"self":[{"href":"https:\/\/cartium.eu\/cz\/wp-json\/wp\/v2\/product\/9797","targetHints":{"allow":["GET"]}}],"collection":[{"href":"https:\/\/cartium.eu\/cz\/wp-json\/wp\/v2\/product"}],"about":[{"href":"https:\/\/cartium.eu\/cz\/wp-json\/wp\/v2\/types\/product"}],"replies":[{"embeddable":true,"href":"https:\/\/cartium.eu\/cz\/wp-json\/wp\/v2\/comments?post=9797"}],"wp:featuredmedia":[{"embeddable":true,"href":"https:\/\/cartium.eu\/cz\/wp-json\/wp\/v2\/media\/9810"}],"wp:attachment":[{"href":"https:\/\/cartium.eu\/cz\/wp-json\/wp\/v2\/media?parent=9797"}],"wp:term":[{"taxonomy":"product_brand","embeddable":true,"href":"https:\/\/cartium.eu\/cz\/wp-json\/wp\/v2\/product_brand?post=9797"},{"taxonomy":"product_cat","embeddable":true,"href":"https:\/\/cartium.eu\/cz\/wp-json\/wp\/v2\/product_cat?post=9797"},{"taxonomy":"product_tag","embeddable":true,"href":"https:\/\/cartium.eu\/cz\/wp-json\/wp\/v2\/product_tag?post=9797"}],"curies":[{"name":"wp","href":"https:\/\/api.w.org\/{rel}","templated":true}]}}