{"id":9825,"date":"2023-03-01T10:08:58","date_gmt":"2023-03-01T09:08:58","guid":{"rendered":"https:\/\/cartium.eu\/cz\/?post_type=product&#038;p=9825"},"modified":"2024-03-13T21:55:24","modified_gmt":"2024-03-13T20:55:24","slug":"transformacni-nakladak-2v1","status":"publish","type":"product","link":"https:\/\/cartium.eu\/cz\/produkt\/transformacni-nakladak-2v1\/","title":{"rendered":"Transforma\u010dn\u00ed n\u00e1klad\u00b4\u00e1k 2v1"},"content":{"rendered":"","protected":false},"excerpt":{"rendered":"<p>Mega n\u00e1klad\u00b4\u00e1k se skryt\u00fdmi dr\u00e1hami je perfektn\u00ed hra\u010dka pro va\u0161e bl\u00edzk\u00e9. Dokonal\u00e1 hra\u010dka pro kluky za v\u0161ech okolnost\u00ed.<\/p>\n","protected":false},"featured_media":9827,"comment_status":"closed","ping_status":"closed","template":"","meta":{"inline_featured_image":false},"product_brand":[],"product_cat":[15,35],"product_tag":[],"class_list":{"0":"post-9825","1":"product","2":"type-product","3":"status-publish","4":"has-post-thumbnail","6":"product_cat-uncategorized","7":"product_cat-fun","9":"first","10":"instock","11":"sale","12":"taxable","13":"shipping-taxable","14":"purchasable","15":"product-type-simple"},"acf":[],"_links":{"self":[{"href":"https:\/\/cartium.eu\/cz\/wp-json\/wp\/v2\/product\/9825","targetHints":{"allow":["GET"]}}],"collection":[{"href":"https:\/\/cartium.eu\/cz\/wp-json\/wp\/v2\/product"}],"about":[{"href":"https:\/\/cartium.eu\/cz\/wp-json\/wp\/v2\/types\/product"}],"replies":[{"embeddable":true,"href":"https:\/\/cartium.eu\/cz\/wp-json\/wp\/v2\/comments?post=9825"}],"wp:featuredmedia":[{"embeddable":true,"href":"https:\/\/cartium.eu\/cz\/wp-json\/wp\/v2\/media\/9827"}],"wp:attachment":[{"href":"https:\/\/cartium.eu\/cz\/wp-json\/wp\/v2\/media?parent=9825"}],"wp:term":[{"taxonomy":"product_brand","embeddable":true,"href":"https:\/\/cartium.eu\/cz\/wp-json\/wp\/v2\/product_brand?post=9825"},{"taxonomy":"product_cat","embeddable":true,"href":"https:\/\/cartium.eu\/cz\/wp-json\/wp\/v2\/product_cat?post=9825"},{"taxonomy":"product_tag","embeddable":true,"href":"https:\/\/cartium.eu\/cz\/wp-json\/wp\/v2\/product_tag?post=9825"}],"curies":[{"name":"wp","href":"https:\/\/api.w.org\/{rel}","templated":true}]}}