{"id":102,"date":"2020-10-28T10:57:38","date_gmt":"2020-10-28T10:57:38","guid":{"rendered":"https:\/\/shopium.eu\/rs\/?page_id=102"},"modified":"2024-03-26T11:32:43","modified_gmt":"2024-03-26T10:32:43","slug":"kaebused-ja-kaubavahetus","status":"publish","type":"page","link":"https:\/\/cartium.eu\/ee\/kaebused-ja-kaubavahetus\/","title":{"rendered":"Kaebused ja kaubavahetus"},"content":{"rendered":"<p>KAEBUSED JA KAUBAVAHETUS<br \/>\nKaebused<br \/>\nKui teil on toote v\u00f5i meie teenuste kohta kaebusi, v\u00f5tke meiega \u00fchendust (ee@cartium.eu). V\u00f5ite olla kindel, et oleme valmis ja suutelised lahendama iga tekkiva olukorra. Tooted, mis puutuvad vahetult kokku naha, hammaste v\u00f5i intiimse kehaosaga, ei kuulu kaebustele. Samuti ei kuulu tagastamisele selgete kasutusj\u00e4lgedega tooted!<\/p>\n<p>Raha tagastamine v\u00f5i tootevahetus<br \/>\n14 p\u00e4eva jooksul alates toote ostmisest on kauplejal v\u00f5imalus ostetud kaup \u00fcmber vahetada. Saate toote teise vastu vahetada v\u00f5i taotleda raha tagasi.<br \/>\nToode ei tohi olla kahjustatud ning see tuleb tagastada originaalpakendis ja kahjustamata pakendis koos k\u00f5igi kaasasolevate tarvikutega. Vastasel juhul l\u00fckatakse kaebus tagasi v\u00f5i rahuldatakse ainult osaliselt!<br \/>\nKaupmees v\u00f5ib 14 p\u00e4eva jooksul alates saadetise k\u00e4ttesaamisest teavitada meid kirjalikult e-posti teel (ee@cartium.eu) lepingust taganemisest ning esitada oma andmed ja saadetise numbri v\u00f5i saata meile laekunud elektroonilise arve e-posti aadressile. -ostu sooritamisel antud postiaadress, et saaksime tellimuse tuvastada. Seni saate t\u00e4ita siin ankeedi ja saata toote 14 p\u00e4eva jooksul tagasi meie aadressile: (aadressid edastame)<\/p>\n<p>ECTCEU d.o.o., Kamni\u0161ka cesta 24, 1235 Radomlje, Sloveenia<\/p>\n<p>E-posti aadress kaebuse v\u00f5i vahetuse korral: ee@cartium.eu<\/p>\n<p>Raha tagastatakse peale tagastussaadetise k\u00e4ttesaamist!<br \/>\nTootevahetuse vorm: https:\/\/bit.ly\/<br \/>\nTagastusvorm: https:\/\/bitly\/<br \/>\nKommentaarid:<br \/>\nSaatekulud kannab saatja. Me ei aktsepteeri sularahas k\u00e4ttetoimetamist! Kui te ei t\u00e4ida lepingust taganemise vormi 14 p\u00e4eva jooksul alates saadetise k\u00e4ttesaamisest, ei ole raha tagastamine ega kauba \u00fcmbervahetamine v\u00f5imalik! Toode asendatakse v\u00f5i raha tagastatakse 8 t\u00f6\u00f6p\u00e4eva jooksul alates paki k\u00e4ttesaamisest.<\/p>\n","protected":false},"excerpt":{"rendered":"<p>KAEBUSED JA KAUBAVAHETUS Kaebused Kui teil on toote v\u00f5i meie teenuste kohta kaebusi, v\u00f5tke meiega \u00fchendust (ee@cartium.eu). V\u00f5ite olla kindel, et oleme valmis ja suutelised lahendama iga tekkiva olukorra. Tooted, mis puutuvad vahetult kokku naha, hammaste v\u00f5i intiimse kehaosaga, ei kuulu kaebustele. Samuti ei kuulu tagastamisele selgete kasutusj\u00e4lgedega tooted! Raha tagastamine v\u00f5i tootevahetus 14 p\u00e4eva &hellip; <a href=\"https:\/\/cartium.eu\/ee\/kaebused-ja-kaubavahetus\/\">Continued<\/a><\/p>\n","protected":false},"author":1,"featured_media":0,"parent":0,"menu_order":0,"comment_status":"closed","ping_status":"closed","template":"","meta":{"inline_featured_image":false,"footnotes":""},"class_list":["post-102","page","type-page","status-publish","hentry"],"acf":[],"_links":{"self":[{"href":"https:\/\/cartium.eu\/ee\/wp-json\/wp\/v2\/pages\/102","targetHints":{"allow":["GET"]}}],"collection":[{"href":"https:\/\/cartium.eu\/ee\/wp-json\/wp\/v2\/pages"}],"about":[{"href":"https:\/\/cartium.eu\/ee\/wp-json\/wp\/v2\/types\/page"}],"author":[{"embeddable":true,"href":"https:\/\/cartium.eu\/ee\/wp-json\/wp\/v2\/users\/1"}],"replies":[{"embeddable":true,"href":"https:\/\/cartium.eu\/ee\/wp-json\/wp\/v2\/comments?post=102"}],"version-history":[{"count":9,"href":"https:\/\/cartium.eu\/ee\/wp-json\/wp\/v2\/pages\/102\/revisions"}],"predecessor-version":[{"id":10609,"href":"https:\/\/cartium.eu\/ee\/wp-json\/wp\/v2\/pages\/102\/revisions\/10609"}],"wp:attachment":[{"href":"https:\/\/cartium.eu\/ee\/wp-json\/wp\/v2\/media?parent=102"}],"curies":[{"name":"wp","href":"https:\/\/api.w.org\/{rel}","templated":true}]}}