{"id":10563,"date":"2023-08-02T12:21:16","date_gmt":"2023-08-02T10:21:16","guid":{"rendered":"https:\/\/cartium.eu\/ee\/?post_type=product&#038;p=10563"},"modified":"2024-08-21T13:35:04","modified_gmt":"2024-08-21T11:35:04","slug":"juhtmeta-kaeshoitav-tolmuimeja","status":"publish","type":"product","link":"https:\/\/cartium.eu\/ee\/proizvod\/juhtmeta-kaeshoitav-tolmuimeja\/","title":{"rendered":"Juhtmeta k\u00e4eshoitav tolmuimeja"},"content":{"rendered":"","protected":false},"excerpt":{"rendered":"<p>Tugeva imemisv\u00f5imsusega kerge k\u00e4sitolmuimeja on ideaalne abiline igas kodus, t\u00f6\u00f6kohas v\u00f5i autos. Selle suurep\u00e4rase tolmuimejaga vabanete mustusest ja prahist vaid m\u00f5ne sammuga.<\/p>\n","protected":false},"featured_media":5354,"comment_status":"closed","ping_status":"closed","template":"","meta":{"inline_featured_image":false},"product_brand":[],"product_cat":[15,27],"product_tag":[],"class_list":{"0":"post-10563","1":"product","2":"type-product","3":"status-publish","4":"has-post-thumbnail","6":"product_cat-uncategorized","7":"product_cat-home","9":"first","10":"instock","11":"sale","12":"taxable","13":"shipping-taxable","14":"purchasable","15":"product-type-simple"},"acf":[],"_links":{"self":[{"href":"https:\/\/cartium.eu\/ee\/wp-json\/wp\/v2\/product\/10563","targetHints":{"allow":["GET"]}}],"collection":[{"href":"https:\/\/cartium.eu\/ee\/wp-json\/wp\/v2\/product"}],"about":[{"href":"https:\/\/cartium.eu\/ee\/wp-json\/wp\/v2\/types\/product"}],"replies":[{"embeddable":true,"href":"https:\/\/cartium.eu\/ee\/wp-json\/wp\/v2\/comments?post=10563"}],"wp:featuredmedia":[{"embeddable":true,"href":"https:\/\/cartium.eu\/ee\/wp-json\/wp\/v2\/media\/5354"}],"wp:attachment":[{"href":"https:\/\/cartium.eu\/ee\/wp-json\/wp\/v2\/media?parent=10563"}],"wp:term":[{"taxonomy":"product_brand","embeddable":true,"href":"https:\/\/cartium.eu\/ee\/wp-json\/wp\/v2\/product_brand?post=10563"},{"taxonomy":"product_cat","embeddable":true,"href":"https:\/\/cartium.eu\/ee\/wp-json\/wp\/v2\/product_cat?post=10563"},{"taxonomy":"product_tag","embeddable":true,"href":"https:\/\/cartium.eu\/ee\/wp-json\/wp\/v2\/product_tag?post=10563"}],"curies":[{"name":"wp","href":"https:\/\/api.w.org\/{rel}","templated":true}]}}