{"id":10565,"date":"2023-08-02T12:27:57","date_gmt":"2023-08-02T10:27:57","guid":{"rendered":"https:\/\/cartium.eu\/ee\/?post_type=product&#038;p=10565"},"modified":"2023-10-01T08:31:45","modified_gmt":"2023-10-01T06:31:45","slug":"maagilised-toovihikud-lastele","status":"publish","type":"product","link":"https:\/\/cartium.eu\/ee\/proizvod\/maagilised-toovihikud-lastele\/","title":{"rendered":"Maagilised t\u00f6\u00f6vihikud lastele"},"content":{"rendered":"","protected":false},"excerpt":{"rendered":"<p>Lubage oma lastel selle l\u00f5busa t\u00f6\u00f6vihikuga t\u00e4iustada liigutuste ja kujundite loomist, joonistamist ja kirjutamist. Valmistage oma laps kooliks ette ja muutke tal alustamine lihtsamaks. Laske lastel selle hariva t\u00f6\u00f6vihiku abil oma t\u00e4psust arendada.<\/p>\n","protected":false},"featured_media":5055,"comment_status":"closed","ping_status":"closed","template":"","meta":{"inline_featured_image":false},"product_brand":[],"product_cat":[15,35],"product_tag":[],"class_list":{"0":"post-10565","1":"product","2":"type-product","3":"status-publish","4":"has-post-thumbnail","6":"product_cat-uncategorized","7":"product_cat-fun","9":"first","10":"instock","11":"sale","12":"taxable","13":"shipping-taxable","14":"purchasable","15":"product-type-simple"},"acf":[],"_links":{"self":[{"href":"https:\/\/cartium.eu\/ee\/wp-json\/wp\/v2\/product\/10565","targetHints":{"allow":["GET"]}}],"collection":[{"href":"https:\/\/cartium.eu\/ee\/wp-json\/wp\/v2\/product"}],"about":[{"href":"https:\/\/cartium.eu\/ee\/wp-json\/wp\/v2\/types\/product"}],"replies":[{"embeddable":true,"href":"https:\/\/cartium.eu\/ee\/wp-json\/wp\/v2\/comments?post=10565"}],"wp:featuredmedia":[{"embeddable":true,"href":"https:\/\/cartium.eu\/ee\/wp-json\/wp\/v2\/media\/5055"}],"wp:attachment":[{"href":"https:\/\/cartium.eu\/ee\/wp-json\/wp\/v2\/media?parent=10565"}],"wp:term":[{"taxonomy":"product_brand","embeddable":true,"href":"https:\/\/cartium.eu\/ee\/wp-json\/wp\/v2\/product_brand?post=10565"},{"taxonomy":"product_cat","embeddable":true,"href":"https:\/\/cartium.eu\/ee\/wp-json\/wp\/v2\/product_cat?post=10565"},{"taxonomy":"product_tag","embeddable":true,"href":"https:\/\/cartium.eu\/ee\/wp-json\/wp\/v2\/product_tag?post=10565"}],"curies":[{"name":"wp","href":"https:\/\/api.w.org\/{rel}","templated":true}]}}