{"id":10569,"date":"2023-08-02T12:53:59","date_gmt":"2023-08-02T10:53:59","guid":{"rendered":"https:\/\/cartium.eu\/ee\/?post_type=product&#038;p=10569"},"modified":"2023-09-28T10:33:52","modified_gmt":"2023-09-28T08:33:52","slug":"kaasaskantav-valine-ssd","status":"publish","type":"product","link":"https:\/\/cartium.eu\/ee\/proizvod\/kaasaskantav-valine-ssd\/","title":{"rendered":"Kaasaskantav v\u00e4line SSD"},"content":{"rendered":"","protected":false},"excerpt":{"rendered":"<p>Kaasaskantav v\u00e4line SSD, USB-C pordiga, on ideaalne lahendus andmete salvestamiseks. Suurep\u00e4rane disain ja keskkonnas\u00f5bralik toode.<\/p>\n","protected":false},"featured_media":8166,"comment_status":"closed","ping_status":"closed","template":"","meta":{"inline_featured_image":false},"product_brand":[],"product_cat":[15,25,27],"product_tag":[],"class_list":{"0":"post-10569","1":"product","2":"type-product","3":"status-publish","4":"has-post-thumbnail","6":"product_cat-uncategorized","7":"product_cat-car","8":"product_cat-home","10":"first","11":"instock","12":"sale","13":"taxable","14":"shipping-taxable","15":"purchasable","16":"product-type-simple"},"acf":[],"_links":{"self":[{"href":"https:\/\/cartium.eu\/ee\/wp-json\/wp\/v2\/product\/10569","targetHints":{"allow":["GET"]}}],"collection":[{"href":"https:\/\/cartium.eu\/ee\/wp-json\/wp\/v2\/product"}],"about":[{"href":"https:\/\/cartium.eu\/ee\/wp-json\/wp\/v2\/types\/product"}],"replies":[{"embeddable":true,"href":"https:\/\/cartium.eu\/ee\/wp-json\/wp\/v2\/comments?post=10569"}],"wp:featuredmedia":[{"embeddable":true,"href":"https:\/\/cartium.eu\/ee\/wp-json\/wp\/v2\/media\/8166"}],"wp:attachment":[{"href":"https:\/\/cartium.eu\/ee\/wp-json\/wp\/v2\/media?parent=10569"}],"wp:term":[{"taxonomy":"product_brand","embeddable":true,"href":"https:\/\/cartium.eu\/ee\/wp-json\/wp\/v2\/product_brand?post=10569"},{"taxonomy":"product_cat","embeddable":true,"href":"https:\/\/cartium.eu\/ee\/wp-json\/wp\/v2\/product_cat?post=10569"},{"taxonomy":"product_tag","embeddable":true,"href":"https:\/\/cartium.eu\/ee\/wp-json\/wp\/v2\/product_tag?post=10569"}],"curies":[{"name":"wp","href":"https:\/\/api.w.org\/{rel}","templated":true}]}}