{"id":12970,"date":"2024-03-14T15:27:41","date_gmt":"2024-03-14T14:27:41","guid":{"rendered":"https:\/\/cartium.eu\/hr\/?post_type=product&#038;p=12970"},"modified":"2024-03-14T15:28:26","modified_gmt":"2024-03-14T14:28:26","slug":"22-gratis-enzimsko-sredstvo-za-uklanjanje-mrlja","status":"publish","type":"product","link":"https:\/\/cartium.eu\/hr\/proizvod\/22-gratis-enzimsko-sredstvo-za-uklanjanje-mrlja\/","title":{"rendered":"2+2 GRATIS-Enzimsko sredstvo za uklanjanje mrlja"},"content":{"rendered":"","protected":false},"excerpt":{"rendered":"<p>Rije\u0161ite se svih dosadnih tvrdokornih mrlja na va\u0161oj odje\u0107i u samo par minuta!<\/p>\n","protected":false},"featured_media":11399,"comment_status":"closed","ping_status":"closed","template":"","meta":{"inline_featured_image":false},"product_brand":[],"product_cat":[15,27],"product_tag":[],"class_list":{"0":"post-12970","1":"product","2":"type-product","3":"status-publish","4":"has-post-thumbnail","6":"product_cat-uncategorized","7":"product_cat-home","9":"first","10":"instock","11":"sale","12":"taxable","13":"shipping-taxable","14":"purchasable","15":"product-type-simple"},"acf":[],"_links":{"self":[{"href":"https:\/\/cartium.eu\/hr\/wp-json\/wp\/v2\/product\/12970","targetHints":{"allow":["GET"]}}],"collection":[{"href":"https:\/\/cartium.eu\/hr\/wp-json\/wp\/v2\/product"}],"about":[{"href":"https:\/\/cartium.eu\/hr\/wp-json\/wp\/v2\/types\/product"}],"replies":[{"embeddable":true,"href":"https:\/\/cartium.eu\/hr\/wp-json\/wp\/v2\/comments?post=12970"}],"wp:featuredmedia":[{"embeddable":true,"href":"https:\/\/cartium.eu\/hr\/wp-json\/wp\/v2\/media\/11399"}],"wp:attachment":[{"href":"https:\/\/cartium.eu\/hr\/wp-json\/wp\/v2\/media?parent=12970"}],"wp:term":[{"taxonomy":"product_brand","embeddable":true,"href":"https:\/\/cartium.eu\/hr\/wp-json\/wp\/v2\/product_brand?post=12970"},{"taxonomy":"product_cat","embeddable":true,"href":"https:\/\/cartium.eu\/hr\/wp-json\/wp\/v2\/product_cat?post=12970"},{"taxonomy":"product_tag","embeddable":true,"href":"https:\/\/cartium.eu\/hr\/wp-json\/wp\/v2\/product_tag?post=12970"}],"curies":[{"name":"wp","href":"https:\/\/api.w.org\/{rel}","templated":true}]}}