{"id":3401,"date":"2021-10-21T10:44:28","date_gmt":"2021-10-21T08:44:28","guid":{"rendered":"https:\/\/cartium.eu\/hr\/?post_type=product&#038;p=3401"},"modified":"2023-01-05T11:00:06","modified_gmt":"2023-01-05T10:00:06","slug":"elektricni-aparat-za-brijanje-hairer","status":"publish","type":"product","link":"https:\/\/cartium.eu\/hr\/proizvod\/elektricni-aparat-za-brijanje-hairer\/","title":{"rendered":"Elektri\u010dni aparat za brijanje &#8211; Hairer"},"content":{"rendered":"","protected":false},"excerpt":{"rendered":"<p>Najbolji elektri\u010dni brija\u010d namijenjen mu\u0161karcima koji \u0107ete prona\u0107i na tr\u017ei\u0161tu. Odlikuju ga visokokvalitetne kerami\u010dke o\u0161trice za precizno brijanje bez obzira na smjer, ergonomski dizajnirana ru\u010dka i mogu\u0107nost prakti\u010dnog punjenja USB kablom.<\/p>\n","protected":false},"featured_media":3411,"comment_status":"closed","ping_status":"closed","template":"","meta":{"inline_featured_image":false},"product_brand":[],"product_cat":[15,27,28],"product_tag":[],"class_list":{"0":"post-3401","1":"product","2":"type-product","3":"status-publish","4":"has-post-thumbnail","6":"product_cat-uncategorized","7":"product_cat-home","8":"product_cat-beauty","10":"first","11":"instock","12":"sale","13":"taxable","14":"shipping-taxable","15":"purchasable","16":"product-type-simple"},"acf":[],"_links":{"self":[{"href":"https:\/\/cartium.eu\/hr\/wp-json\/wp\/v2\/product\/3401","targetHints":{"allow":["GET"]}}],"collection":[{"href":"https:\/\/cartium.eu\/hr\/wp-json\/wp\/v2\/product"}],"about":[{"href":"https:\/\/cartium.eu\/hr\/wp-json\/wp\/v2\/types\/product"}],"replies":[{"embeddable":true,"href":"https:\/\/cartium.eu\/hr\/wp-json\/wp\/v2\/comments?post=3401"}],"wp:featuredmedia":[{"embeddable":true,"href":"https:\/\/cartium.eu\/hr\/wp-json\/wp\/v2\/media\/3411"}],"wp:attachment":[{"href":"https:\/\/cartium.eu\/hr\/wp-json\/wp\/v2\/media?parent=3401"}],"wp:term":[{"taxonomy":"product_brand","embeddable":true,"href":"https:\/\/cartium.eu\/hr\/wp-json\/wp\/v2\/product_brand?post=3401"},{"taxonomy":"product_cat","embeddable":true,"href":"https:\/\/cartium.eu\/hr\/wp-json\/wp\/v2\/product_cat?post=3401"},{"taxonomy":"product_tag","embeddable":true,"href":"https:\/\/cartium.eu\/hr\/wp-json\/wp\/v2\/product_tag?post=3401"}],"curies":[{"name":"wp","href":"https:\/\/api.w.org\/{rel}","templated":true}]}}