{"id":3664,"date":"2022-05-03T18:40:17","date_gmt":"2022-05-03T16:40:17","guid":{"rendered":"https:\/\/cartium.eu\/hr\/?post_type=product&#038;p=3664"},"modified":"2023-12-18T08:46:32","modified_gmt":"2023-12-18T07:46:32","slug":"montesori-tiha-knjiga-za-djecu-smartbook","status":"publish","type":"product","link":"https:\/\/cartium.eu\/hr\/proizvod\/montesori-tiha-knjiga-za-djecu-smartbook\/","title":{"rendered":"Montesori tiha knjiga za djecu &#8211; SmartBook"},"content":{"rendered":"","protected":false},"excerpt":{"rendered":"<p>Knjige po montesori metodama za razvoj djece , njihovih vje\u0161tina, \u010dula i ma\u0161te odu\u0161evi\u0107e svako djete i olak\u0161ati im u\u010denje kroz igru.<\/p>\n","protected":false},"featured_media":10380,"comment_status":"closed","ping_status":"closed","template":"","meta":{"inline_featured_image":false},"product_brand":[],"product_cat":[15,35],"product_tag":[],"class_list":{"0":"post-3664","1":"product","2":"type-product","3":"status-publish","4":"has-post-thumbnail","6":"product_cat-uncategorized","7":"product_cat-fun","9":"first","10":"instock","11":"sale","12":"taxable","13":"shipping-taxable","14":"purchasable","15":"product-type-variable"},"acf":[],"_links":{"self":[{"href":"https:\/\/cartium.eu\/hr\/wp-json\/wp\/v2\/product\/3664","targetHints":{"allow":["GET"]}}],"collection":[{"href":"https:\/\/cartium.eu\/hr\/wp-json\/wp\/v2\/product"}],"about":[{"href":"https:\/\/cartium.eu\/hr\/wp-json\/wp\/v2\/types\/product"}],"replies":[{"embeddable":true,"href":"https:\/\/cartium.eu\/hr\/wp-json\/wp\/v2\/comments?post=3664"}],"wp:featuredmedia":[{"embeddable":true,"href":"https:\/\/cartium.eu\/hr\/wp-json\/wp\/v2\/media\/10380"}],"wp:attachment":[{"href":"https:\/\/cartium.eu\/hr\/wp-json\/wp\/v2\/media?parent=3664"}],"wp:term":[{"taxonomy":"product_brand","embeddable":true,"href":"https:\/\/cartium.eu\/hr\/wp-json\/wp\/v2\/product_brand?post=3664"},{"taxonomy":"product_cat","embeddable":true,"href":"https:\/\/cartium.eu\/hr\/wp-json\/wp\/v2\/product_cat?post=3664"},{"taxonomy":"product_tag","embeddable":true,"href":"https:\/\/cartium.eu\/hr\/wp-json\/wp\/v2\/product_tag?post=3664"}],"curies":[{"name":"wp","href":"https:\/\/api.w.org\/{rel}","templated":true}]}}