{"id":4637,"date":"2022-08-10T12:46:09","date_gmt":"2022-08-10T10:46:09","guid":{"rendered":"https:\/\/cartium.eu\/hr\/?post_type=product&#038;p=4637"},"modified":"2023-01-05T11:44:07","modified_gmt":"2023-01-05T10:44:07","slug":"11-gratis-samoljepljive-trepavice-za-visekratnu-upotrebu-waterlash","status":"publish","type":"product","link":"https:\/\/cartium.eu\/hr\/proizvod\/11-gratis-samoljepljive-trepavice-za-visekratnu-upotrebu-waterlash\/","title":{"rendered":"1+1 GRATIS Samoljepljive trepavice za vi\u0161ekratnu upotrebu-WaterLash"},"content":{"rendered":"","protected":false},"excerpt":{"rendered":"<p>Isprobajte na\u0161e samoljepljive trepavice za vi\u0161ekratnu upotrebu, koje se lako i brzo nanose, \u0161to znatno olak\u0161ava nano\u0161enje \u0161minke.\u00a0Prirodne su poput va\u0161ih vlastitih trepavica i mogu se ponovno koristiti.<\/p>\n","protected":false},"featured_media":3881,"comment_status":"closed","ping_status":"closed","template":"","meta":{"inline_featured_image":false},"product_brand":[],"product_cat":[15,28,24],"product_tag":[],"class_list":{"0":"post-4637","1":"product","2":"type-product","3":"status-publish","4":"has-post-thumbnail","6":"product_cat-uncategorized","7":"product_cat-beauty","8":"product_cat-sale","10":"first","11":"instock","12":"sale","13":"taxable","14":"shipping-taxable","15":"purchasable","16":"product-type-simple"},"acf":[],"_links":{"self":[{"href":"https:\/\/cartium.eu\/hr\/wp-json\/wp\/v2\/product\/4637","targetHints":{"allow":["GET"]}}],"collection":[{"href":"https:\/\/cartium.eu\/hr\/wp-json\/wp\/v2\/product"}],"about":[{"href":"https:\/\/cartium.eu\/hr\/wp-json\/wp\/v2\/types\/product"}],"replies":[{"embeddable":true,"href":"https:\/\/cartium.eu\/hr\/wp-json\/wp\/v2\/comments?post=4637"}],"wp:featuredmedia":[{"embeddable":true,"href":"https:\/\/cartium.eu\/hr\/wp-json\/wp\/v2\/media\/3881"}],"wp:attachment":[{"href":"https:\/\/cartium.eu\/hr\/wp-json\/wp\/v2\/media?parent=4637"}],"wp:term":[{"taxonomy":"product_brand","embeddable":true,"href":"https:\/\/cartium.eu\/hr\/wp-json\/wp\/v2\/product_brand?post=4637"},{"taxonomy":"product_cat","embeddable":true,"href":"https:\/\/cartium.eu\/hr\/wp-json\/wp\/v2\/product_cat?post=4637"},{"taxonomy":"product_tag","embeddable":true,"href":"https:\/\/cartium.eu\/hr\/wp-json\/wp\/v2\/product_tag?post=4637"}],"curies":[{"name":"wp","href":"https:\/\/api.w.org\/{rel}","templated":true}]}}