{"id":5195,"date":"2022-09-29T12:27:08","date_gmt":"2022-09-29T10:27:08","guid":{"rendered":"https:\/\/cartium.eu\/hr\/?post_type=product&#038;p=5195"},"modified":"2023-01-05T11:01:02","modified_gmt":"2023-01-05T10:01:02","slug":"set-rucnih-elektricnih-rezaca-povrca-4-u-1","status":"publish","type":"product","link":"https:\/\/cartium.eu\/hr\/proizvod\/set-rucnih-elektricnih-rezaca-povrca-4-u-1\/","title":{"rendered":"Set ru\u010dnih elektri\u010dnih reza\u010da povr\u0107a 4 u 1"},"content":{"rendered":"","protected":false},"excerpt":{"rendered":"<p>Multifunkcionalni 4-u-1 set za rezanje vo\u0107a i povr\u0107a, elektri\u010dna \u010detka i mlin za meso.\u00a0S jednim proizvodom mo\u017eete obavljati razne kuhinjske poslove.<\/p>\n","protected":false},"featured_media":5203,"comment_status":"closed","ping_status":"closed","template":"","meta":{"inline_featured_image":false},"product_brand":[],"product_cat":[15,25,27],"product_tag":[],"class_list":{"0":"post-5195","1":"product","2":"type-product","3":"status-publish","4":"has-post-thumbnail","6":"product_cat-uncategorized","7":"product_cat-car","8":"product_cat-home","10":"first","11":"instock","12":"sale","13":"taxable","14":"shipping-taxable","15":"purchasable","16":"product-type-simple"},"acf":[],"_links":{"self":[{"href":"https:\/\/cartium.eu\/hr\/wp-json\/wp\/v2\/product\/5195","targetHints":{"allow":["GET"]}}],"collection":[{"href":"https:\/\/cartium.eu\/hr\/wp-json\/wp\/v2\/product"}],"about":[{"href":"https:\/\/cartium.eu\/hr\/wp-json\/wp\/v2\/types\/product"}],"replies":[{"embeddable":true,"href":"https:\/\/cartium.eu\/hr\/wp-json\/wp\/v2\/comments?post=5195"}],"wp:featuredmedia":[{"embeddable":true,"href":"https:\/\/cartium.eu\/hr\/wp-json\/wp\/v2\/media\/5203"}],"wp:attachment":[{"href":"https:\/\/cartium.eu\/hr\/wp-json\/wp\/v2\/media?parent=5195"}],"wp:term":[{"taxonomy":"product_brand","embeddable":true,"href":"https:\/\/cartium.eu\/hr\/wp-json\/wp\/v2\/product_brand?post=5195"},{"taxonomy":"product_cat","embeddable":true,"href":"https:\/\/cartium.eu\/hr\/wp-json\/wp\/v2\/product_cat?post=5195"},{"taxonomy":"product_tag","embeddable":true,"href":"https:\/\/cartium.eu\/hr\/wp-json\/wp\/v2\/product_tag?post=5195"}],"curies":[{"name":"wp","href":"https:\/\/api.w.org\/{rel}","templated":true}]}}