{"id":5260,"date":"2022-10-04T12:04:48","date_gmt":"2022-10-04T10:04:48","guid":{"rendered":"https:\/\/cartium.eu\/hr\/?post_type=product&#038;p=5260"},"modified":"2023-04-13T12:08:09","modified_gmt":"2023-04-13T10:08:09","slug":"visenamjenski-termo-transfer-papir","status":"publish","type":"product","link":"https:\/\/cartium.eu\/hr\/proizvod\/visenamjenski-termo-transfer-papir\/","title":{"rendered":"Vi\u0161enamjenski termo transfer papir"},"content":{"rendered":"","protected":false},"excerpt":{"rendered":"<div class=\"product-description border-bottom border-light mt-lg-4 mt-3 mb-lg-3 mb-2 pb-lg-3 pb-1\">Napravite sebi brendiranu garderobu ili dres, svoje omiljene fotografije mo\u017eete staviti na odje\u0107u u samo nekoliko sekundi, kombinacija je mnogo, sve ovisi o va\u0161oj ma\u0161ti, napravite apsolutno unikatne majice!<\/div>\n<div class=\"row row-icons mt-4 d-lg-flex d-none\">\n<div class=\"col-3 icon1\"><\/div>\n<\/div>\n","protected":false},"featured_media":5271,"comment_status":"closed","ping_status":"closed","template":"","meta":{"inline_featured_image":false},"product_brand":[],"product_cat":[15,27,35],"product_tag":[],"class_list":{"0":"post-5260","1":"product","2":"type-product","3":"status-publish","4":"has-post-thumbnail","6":"product_cat-uncategorized","7":"product_cat-home","8":"product_cat-fun","10":"first","11":"instock","12":"sale","13":"taxable","14":"shipping-taxable","15":"purchasable","16":"product-type-simple"},"acf":[],"_links":{"self":[{"href":"https:\/\/cartium.eu\/hr\/wp-json\/wp\/v2\/product\/5260","targetHints":{"allow":["GET"]}}],"collection":[{"href":"https:\/\/cartium.eu\/hr\/wp-json\/wp\/v2\/product"}],"about":[{"href":"https:\/\/cartium.eu\/hr\/wp-json\/wp\/v2\/types\/product"}],"replies":[{"embeddable":true,"href":"https:\/\/cartium.eu\/hr\/wp-json\/wp\/v2\/comments?post=5260"}],"wp:featuredmedia":[{"embeddable":true,"href":"https:\/\/cartium.eu\/hr\/wp-json\/wp\/v2\/media\/5271"}],"wp:attachment":[{"href":"https:\/\/cartium.eu\/hr\/wp-json\/wp\/v2\/media?parent=5260"}],"wp:term":[{"taxonomy":"product_brand","embeddable":true,"href":"https:\/\/cartium.eu\/hr\/wp-json\/wp\/v2\/product_brand?post=5260"},{"taxonomy":"product_cat","embeddable":true,"href":"https:\/\/cartium.eu\/hr\/wp-json\/wp\/v2\/product_cat?post=5260"},{"taxonomy":"product_tag","embeddable":true,"href":"https:\/\/cartium.eu\/hr\/wp-json\/wp\/v2\/product_tag?post=5260"}],"curies":[{"name":"wp","href":"https:\/\/api.w.org\/{rel}","templated":true}]}}