{"id":6483,"date":"2022-11-24T08:24:30","date_gmt":"2022-11-24T07:24:30","guid":{"rendered":"https:\/\/cartium.eu\/hr\/?post_type=product&#038;p=6483"},"modified":"2023-05-11T12:03:30","modified_gmt":"2023-05-11T10:03:30","slug":"11-gratis-led-svjetlosna-dekoracija-na-daljinsko-upravljanje-ledflash","status":"publish","type":"product","link":"https:\/\/cartium.eu\/hr\/proizvod\/11-gratis-led-svjetlosna-dekoracija-na-daljinsko-upravljanje-ledflash\/","title":{"rendered":"1+1 GRATIS Led svjetlosna dekoracija na daljinsko upravljanje &#8211; Ledflash"},"content":{"rendered":"","protected":false},"excerpt":{"rendered":"<p>Savr\u0161ena dekorativna led svjetla na daljinsko upravljanje putem pametnih telefona napravi\u0107e savr\u0161enu atmosferu u doba praznika, Nove godine i Bo\u017ei\u0107a, kvalitetna sa efektom raznobojnih varijacija stvaraju nesvakida\u0161nju atmosferu i ugo\u0111aj.<\/p>\n","protected":false},"featured_media":9607,"comment_status":"closed","ping_status":"closed","template":"","meta":{"inline_featured_image":false},"product_brand":[],"product_cat":[15,24],"product_tag":[],"class_list":{"0":"post-6483","1":"product","2":"type-product","3":"status-publish","4":"has-post-thumbnail","6":"product_cat-uncategorized","7":"product_cat-sale","9":"first","10":"instock","11":"sale","12":"taxable","13":"shipping-taxable","14":"purchasable","15":"product-type-simple"},"acf":[],"_links":{"self":[{"href":"https:\/\/cartium.eu\/hr\/wp-json\/wp\/v2\/product\/6483","targetHints":{"allow":["GET"]}}],"collection":[{"href":"https:\/\/cartium.eu\/hr\/wp-json\/wp\/v2\/product"}],"about":[{"href":"https:\/\/cartium.eu\/hr\/wp-json\/wp\/v2\/types\/product"}],"replies":[{"embeddable":true,"href":"https:\/\/cartium.eu\/hr\/wp-json\/wp\/v2\/comments?post=6483"}],"wp:featuredmedia":[{"embeddable":true,"href":"https:\/\/cartium.eu\/hr\/wp-json\/wp\/v2\/media\/9607"}],"wp:attachment":[{"href":"https:\/\/cartium.eu\/hr\/wp-json\/wp\/v2\/media?parent=6483"}],"wp:term":[{"taxonomy":"product_brand","embeddable":true,"href":"https:\/\/cartium.eu\/hr\/wp-json\/wp\/v2\/product_brand?post=6483"},{"taxonomy":"product_cat","embeddable":true,"href":"https:\/\/cartium.eu\/hr\/wp-json\/wp\/v2\/product_cat?post=6483"},{"taxonomy":"product_tag","embeddable":true,"href":"https:\/\/cartium.eu\/hr\/wp-json\/wp\/v2\/product_tag?post=6483"}],"curies":[{"name":"wp","href":"https:\/\/api.w.org\/{rel}","templated":true}]}}