{"id":100,"date":"2020-10-28T10:57:15","date_gmt":"2020-10-28T10:57:15","guid":{"rendered":"https:\/\/shopium.eu\/rs\/?page_id=100"},"modified":"2023-04-25T14:48:08","modified_gmt":"2023-04-25T12:48:08","slug":"altalanos-uzleti-feltetelek","status":"publish","type":"page","link":"https:\/\/cartium.eu\/hu\/altalanos-uzleti-feltetelek\/","title":{"rendered":"\u00c1ltal\u00e1nos \u00fczleti felt\u00e9telek"},"content":{"rendered":"<p><strong>\u00c1ltal\u00e1nos \u00fczleti felt\u00e9telek<\/strong><\/p>\n<p>A Cartium.com\/ (az al\u00e1bbiakban \u00bbmi\u00ab, \u00bbminket\u00ab, \u00bbmi\u00e9nk\u00ab, \u00bbmi\u00e9nket\u00ab, \u00bbmi\u00e9nknek\u00ab stb.) egy web\u00e1ruh\u00e1z az ECTEU Kft. tulajdon\u00e1ban (az al\u00e1bbiakban \u00bbmi\u00ab, \u00bbminket\u00ab, \u00bbmi\u00e9nk\u00ab, \u00bbmi\u00e9nket\u00ab, \u00bbmi\u00e9nknek\u00ab stb.) amely az elektronikus kereskedelemr\u0151l sz\u00f3l\u00f3 t\u00f6rv\u00e9nynek, valamint az Eur\u00f3pai Uni\u00f3ban \u00e9rv\u00e9nyes \u00f6sszes t\u00f6bbi vonatkoz\u00f3 t\u00f6rv\u00e9nynek \u00e9s rendeletnek megfelel\u0151en \u00fczletel. A web\u00e1ruh\u00e1zunkba val\u00f3 l\u00e1togat\u00e1ssal, tov\u00e1bb\u00e1 a web\u00e1ruh\u00e1zban val\u00f3 v\u00e1s\u00e1rl\u00e1ssal automatikusan elfogadja a tov\u00e1bbiakban felsorolt felhaszn\u00e1l\u00e1si felt\u00e9teleket. K\u00e9rj\u00fck olvassa el \u0151ket figyelmesen, az alkalmazott szab\u00e1lyok megismer\u00e9s\u00e9nek \u00e9rdek\u00e9ben. Fenntartjuk a jogot arra, hogy a Felhaszn\u00e1l\u00e1si felt\u00e9teleket el\u0151zetes \u00e9rtes\u00edt\u00e9s n\u00e9lk\u00fcl m\u00f3dos\u00edtsuk vagy kieg\u00e9sz\u00edts\u00fck.<\/p>\n<p><strong>Adatv\u00e9delmi nyilatkozat<\/strong><\/p>\n<p>Online \u00e1ruh\u00e1zunk nev\u00e9ben elk\u00f6telezettek vagyunk v\u00e1s\u00e1rl\u00f3ink adatainak v\u00e9delm\u00e9ben, az Eur\u00f3pai Uni\u00f3 (GDPR) t\u00f6rv\u00e9nynek \u00e9s rendeleteknek, valamint a helyi t\u00f6rv\u00e9nyekben foglalt rendelkez\u00e9seknek megfelel\u0151en. Kiz\u00e1r\u00f3lag a sz\u00fcks\u00e9ges \u00e9s alapvet\u0151 inform\u00e1ci\u00f3kat t\u00e1roljuk a v\u00e1s\u00e1rl\u00f3kr\u00f3l\/felhaszn\u00e1l\u00f3kr\u00f3l, tov\u00e1bb\u00e1 az \u00fczletvezet\u00e9shez \u00e9s a felhaszn\u00e1l\u00f3k t\u00e1j\u00e9koztat\u00e1s\u00e1hoz sz\u00fcks\u00e9ges adatokat a j\u00f3 \u00fczleti gyakorlattal \u00f6sszhangban \u00e9s a min\u0151s\u00e9gi szolg\u00e1ltat\u00e1s ny\u00fajt\u00e1sa \u00e9rdek\u00e9ben t\u00e1roljuk. V\u00e1s\u00e1rl\u00f3inknak lehet\u0151s\u00e9get ny\u00fajtunk a v\u00e1laszt\u00e1sra, bele\u00e9rtve a marketing kamp\u00e1nyaink h\u00edrlev\u00e9leir\u0151l val\u00f3 leiratkoz\u00e1st is. A v\u00e1s\u00e1rl\u00f3ink\/felhaszn\u00e1l\u00f3ink minden adat\u00e1t szigor\u00faan \u0151rizz\u00fck \u00e9s azok csup\u00e1n alkalmazottaink sz\u00e1m\u00e1ra el\u00e9rhet\u0151k akiknek az adatok elengedhetetlenek munk\u00e1juk v\u00e9gz\u00e9s\u00e9hez. C\u00e9g\u00fcnk alkalmazottjai (\u00e9s \u00fczleti partnereink) felel\u0151ss\u00e9gteljesen tiszteletben tartj\u00e1k az adatv\u00e9delmi elveket.<\/p>\n<p><strong>\u00c1rak<\/strong><\/p>\n<p>A web\u00e1ruh\u00e1zban felt\u00fcntetett \u00f6sszes term\u00e9k \u00e1ra tartalmazza az \u00c1F\u00c1-t. V\u00e1llaljuk, hogy az \u00d6n \u00e1ltal leadott megrendel\u00e9sben szerepl\u0151 minden \u00e1rat elfogadunk, f\u00fcggetlen\u00fcl att\u00f3l, hogy a term\u00e9k \u00e1ra megv\u00e1ltozott-e a megrendel\u00e9s l\u00e9trehoz\u00e1sa ut\u00e1n. Azonban jogunkban \u00e1ll a fogyaszt\u00f3 e-mailben t\u00f6rt\u00e9n\u0151 \u00e9rtes\u00edt\u00e9se mellett visszavonni a megrendel\u00e9st, amennyiben komoly hiba t\u00f6rt\u00e9nt a web\u00e1ruh\u00e1zban felt\u00fcntetett \u00e1r meghat\u00e1roz\u00e1sakor. A sz\u00e1ml\u00e1t elektronikus form\u00e1tumban k\u00fcldj\u00fck el \u00d6nnek, arra az e-mail c\u00edmre, amelyet a v\u00e1s\u00e1rl\u00e1skor megadott.<\/p>\n<p><strong>Sz\u00e1ll\u00edt\u00e1s<\/strong><\/p>\n<p>Minden term\u00e9k amely a weboldalunkon szerepel, rakt\u00e1rr\u00f3l el\u00e9rhet\u0151. A v\u00e1s\u00e1rl\u00f3 a v\u00e1s\u00e1rl\u00e1s alkalm\u00e1val mag\u00e1ra v\u00e1llalja a sz\u00e1ll\u00edt\u00e1si d\u00edj kifizet\u00e9s\u00e9t az \u00e1ru \u00e1tv\u00e9tele ut\u00e1n, kiv\u00e9ve egyes term\u00e9kk rendel\u00e9sekor, amelyeken az \u201e\u00e1r tartalmazza a sz\u00e1ll\u00edt\u00e1si d\u00edjat\u201d vagy \u201eingyenes sz\u00e1ll\u00edt\u00e1s\u201d jelz\u00e9s tal\u00e1lhat\u00f3. A rendel\u00e9sek sz\u00e1ll\u00edt\u00e1s\u00e1ra a GLS \u00e9s Packeta sz\u00e1ll\u00edt\u00e1si szolg\u00e1ltat\u00f3kat haszn\u00e1ljuk. A fent eml\u00edtett szolg\u00e1ltat\u00f3kkal szerz\u0151d\u00e9ses meg\u00e1llapod\u00e1sunk van az \u00fczleti egy\u00fcttm\u0171k\u00f6d\u00e9sr\u0151l. A rendelt term\u00e9kek sz\u00e1ll\u00edt\u00e1si hat\u00e1rideje 2-5 munkanap (a COVID-19 miatt fenn\u00e1ll\u00f3 szitu\u00e1ci\u00f3b\u00f3l ad\u00f3d\u00f3an a sz\u00e1ll\u00edt\u00e1si hat\u00e1rid\u0151 hosszabb is lehet). A megrendel\u00e9seket az \u00d6n \u00e1ltal megjel\u00f6lt sz\u00e1ll\u00edt\u00e1si c\u00edmre ker\u00fclnek kisz\u00e1ll\u00edt\u00e1sra.<\/p>\n<p><strong>Szellemi tulajdon<\/strong><\/p>\n<p>A weboldalon megjelent tartalom, mint p\u00e9ld\u00e1ul az oldalak, diz\u00e1jnelemek (gombok, ikonok stb.), sz\u00f6veg, k\u00e9pek, log\u00f3k, audio felv\u00e9telek \u00e9s szoftverek a saj\u00e1t tulajdonunk vagy partnereink tulajdona \u00e9s belegyez\u00e9s\u00fcnk n\u00e9lk\u00fcl nem felhaszn\u00e1lhat\u00f3k. Amennyiben a weboldalukon szerepl\u0151 tartalomr\u00f3l azt tartja, hogy az \u00d6n tulajdona mellyel vissza\u00e9ltek, k\u00e9rj\u00fck l\u00e9pjen vel\u00fcnk kapcsolatba a szellemi tulajdon meg\u00e1llap\u00edt\u00e1sa \u00e9rdek\u00e9ben. A weboldalakon felt\u00fcntetett \u00f6sszes inform\u00e1ci\u00f3 t\u00e1j\u00e9koztat\u00f3 jelleg\u0171, kereskedelmi c\u00e9l\u00fa felhaszn\u00e1l\u00e1suk vagy harmadik szem\u00e9lyek fel\u00e9 t\u00f6rt\u00e9n\u0151 tov\u00e1bb\u00edt\u00e1suk nem megengedett.<\/p>\n<p><strong>Hozz\u00e1sz\u00f3l\u00e1sok, kommunik\u00e1ci\u00f3 \u00e9s egy\u00e9b, a l\u00e1togat\u00f3k \u00e1ltal hagyott tartalom<\/strong><\/p>\n<p>A felhaszn\u00e1l\u00f3knak lehet\u0151s\u00e9g\u00fck van a term\u00e9keken hozz\u00e1sz\u00f3l\u00e1st hagyni, tov\u00e1bb\u00e1 e-mail \u00fczeneteket k\u00fcldeni az e-mail c\u00edm\u00fcnkre. Jogunkban \u00e1ll a hozz\u00e1sz\u00f3l\u00e1sokat nem megjelen\u00edteni, amennyiben azok rosszindulat\u00faak, obszc\u00e9n kijelent\u00e9seket tartalmaznak, gy\u0171l\u00f6letet terjesztenek vagy b\u00e1rmilyen m\u00e1s m\u00f3don vesz\u00e9lyeztetik m\u00e1sok jogait. Az ilyen hozz\u00e1sz\u00f3l\u00e1sokat el\u0151z\u0151leges \u00e9rtes\u00edt\u00e9s n\u00e9lk\u00fcl t\u00f6rl\u00e9sre ker\u00fclnek. A m\u00e1sok szem\u00e9lyi adataival val\u00f3 vissza\u00e9l\u00e9s \u00e9s a hamis n\u00e9vvel t\u00f6rt\u00e9n\u0151 regisztr\u00e1ci\u00f3 nem enged\u00e9lyezett. Az ilyen tev\u00e9kenys\u00e9gek ellen jogi elj\u00e1r\u00e1st ind\u00edthatunk.<\/p>\n<p><strong>Term\u00e9kle\u00edr\u00e1sok<\/strong><\/p>\n<p>\u00c9rdek\u00fcnkben \u00e1ll a term\u00e9kek lehet\u0151 legpontosabb le\u00edr\u00e1sa. Tov\u00e1bb\u00e1, nem garant\u00e1ljuk, hogy az \u00f6sszes term\u00e9kkel kapcsolatosan felt\u00fcntetett adat helyes, teljes, megb\u00edzhat\u00f3 \u00e9s hib\u00e1tlan. Amennyiben a megv\u00e1s\u00e1rolt term\u00e9k elt\u00e9r a weboldalon felt\u00fcntetett adatokt\u00f3l, s\u00e9rtetlen\u00fcl visszak\u00fcldheti azt a hozz\u00e1 kapott \u00f6sszes kieg\u00e9sz\u00edt\u0151vel \u00e9s mi visszat\u00e9r\u00edtj\u00fck az \u00e1r\u00e1t.<\/p>\n<p><strong>Nyitvatart\u00e1si id\u0151<\/strong><\/p>\n<p>Nyitvatart\u00e1si id\u0151nk a h\u00e9t 5 munkanapj\u00e1n (h\u00e9tf\u0151, kedd, szerda, cs\u00fct\u00f6rt\u00f6k, p\u00e9ntek) 9-17 \u00f3r\u00e1ig tart. M\u0171szaki probl\u00e9ma vagy a rendszeres karbantart\u00e1s miatt el\u0151fordulhat, hogy a weboldal r\u00f6vid ideig nem el\u00e9rhet\u0151, amir\u0151l minden esetben \u00e9rtes\u00edtj\u00fck \u00d6nt.<\/p>\n<p><strong>A weboldal adatainak m\u00f3dos\u00edt\u00e1sa (friss\u00edt\u00e9se)<\/strong><\/p>\n<p>Fenntartjuk a jogot arra, hogy a webhely b\u00e1rmely oldal\u00e1n megjelen\u00edtett inform\u00e1ci\u00f3kat b\u00e1rmikor, el\u0151zetes \u00e9rtes\u00edt\u00e9s n\u00e9lk\u00fcl megv\u00e1ltoztassuk. A weboldal l\u00e1togat\u00f3inak nem \u00e1ll joguk egyoldal\u00faan m\u00f3dos\u00edtani a felhaszn\u00e1l\u00e1si felt\u00e9teleket, tov\u00e1bb\u00e1 minden esetleges v\u00e1ltoz\u00e1s \u00e9rv\u00e9nytelen, kiv\u00e9ve, ha mindk\u00e9t f\u00e9l \u00edr\u00e1sban meg\u00e1llapodik r\u00f3la.<\/p>\n<p><strong>Egy\u00e9b<\/strong><\/p>\n<p>A jelen Felhaszn\u00e1l\u00e1si felt\u00e9telek bizonyos rendelkez\u00e9seinek r\u00e9szleges vagy teljes alkalmazhatatlans\u00e1ga vagy t\u00f6rv\u00e9nytelens\u00e9ge nem fogja befoly\u00e1solni a marad\u00e9ktalanul hat\u00e1lyban l\u00e9v\u0151 egy\u00e9b rendelkez\u00e9sek \u00e9rv\u00e9nyess\u00e9g\u00e9t. Az alkalmazhatatlan vagy t\u00f6rv\u00e9nytelen rendelkez\u00e9s hely\u00e9be egy m\u00e1sik megfelel\u0151 rendelkez\u00e9s l\u00e9p. \u00d6n elfogadja, hogy a jelen Felhaszn\u00e1l\u00e1si felt\u00e9telekb\u0151l ered\u0151 jogait \u00e9s k\u00f6telezetts\u00e9geit kifejezett \u00edr\u00e1sos beleegyez\u00e9s\u00fcnk n\u00e9lk\u00fcl nem ruh\u00e1zhatja \u00e1t harmadik f\u00e9lre.<\/p>\n<p>&nbsp;<\/p>\n<p>&nbsp;<\/p>\n","protected":false},"excerpt":{"rendered":"<p>\u00c1ltal\u00e1nos \u00fczleti felt\u00e9telek A Cartium.com\/ (az al\u00e1bbiakban \u00bbmi\u00ab, \u00bbminket\u00ab, \u00bbmi\u00e9nk\u00ab, \u00bbmi\u00e9nket\u00ab, \u00bbmi\u00e9nknek\u00ab stb.) egy web\u00e1ruh\u00e1z az ECTEU Kft. tulajdon\u00e1ban (az al\u00e1bbiakban \u00bbmi\u00ab, \u00bbminket\u00ab, \u00bbmi\u00e9nk\u00ab, \u00bbmi\u00e9nket\u00ab, \u00bbmi\u00e9nknek\u00ab stb.) amely az elektronikus kereskedelemr\u0151l sz\u00f3l\u00f3 t\u00f6rv\u00e9nynek, valamint az Eur\u00f3pai Uni\u00f3ban \u00e9rv\u00e9nyes \u00f6sszes t\u00f6bbi vonatkoz\u00f3 t\u00f6rv\u00e9nynek \u00e9s rendeletnek megfelel\u0151en \u00fczletel. A web\u00e1ruh\u00e1zunkba val\u00f3 l\u00e1togat\u00e1ssal, tov\u00e1bb\u00e1 a web\u00e1ruh\u00e1zban val\u00f3 v\u00e1s\u00e1rl\u00e1ssal &hellip; <a href=\"https:\/\/cartium.eu\/hu\/altalanos-uzleti-feltetelek\/\">Continued<\/a><\/p>\n","protected":false},"author":1,"featured_media":0,"parent":0,"menu_order":0,"comment_status":"closed","ping_status":"closed","template":"","meta":{"inline_featured_image":false,"footnotes":""},"class_list":["post-100","page","type-page","status-publish","hentry"],"acf":[],"_links":{"self":[{"href":"https:\/\/cartium.eu\/hu\/wp-json\/wp\/v2\/pages\/100","targetHints":{"allow":["GET"]}}],"collection":[{"href":"https:\/\/cartium.eu\/hu\/wp-json\/wp\/v2\/pages"}],"about":[{"href":"https:\/\/cartium.eu\/hu\/wp-json\/wp\/v2\/types\/page"}],"author":[{"embeddable":true,"href":"https:\/\/cartium.eu\/hu\/wp-json\/wp\/v2\/users\/1"}],"replies":[{"embeddable":true,"href":"https:\/\/cartium.eu\/hu\/wp-json\/wp\/v2\/comments?post=100"}],"version-history":[{"count":8,"href":"https:\/\/cartium.eu\/hu\/wp-json\/wp\/v2\/pages\/100\/revisions"}],"predecessor-version":[{"id":8748,"href":"https:\/\/cartium.eu\/hu\/wp-json\/wp\/v2\/pages\/100\/revisions\/8748"}],"wp:attachment":[{"href":"https:\/\/cartium.eu\/hu\/wp-json\/wp\/v2\/media?parent=100"}],"curies":[{"name":"wp","href":"https:\/\/api.w.org\/{rel}","templated":true}]}}